{"id":2816,"date":"2024-12-07T09:59:06","date_gmt":"2024-12-07T09:59:06","guid":{"rendered":"https:\/\/www.diasino-amorgos.gr\/diasino-auto\/"},"modified":"2025-03-17T20:17:51","modified_gmt":"2025-03-17T20:17:51","slug":"diasino-auto","status":"publish","type":"page","link":"https:\/\/www.diasino-amorgos.gr\/it\/diasino-auto\/","title":{"rendered":"diasino auto"},"content":{"rendered":"\n<div class=\"wrap plugin-container\">\n\n\t\n\t\n\t<h3 class=\"vrc-main-title\">Diasino Car Rental in Amorgos<\/h3><div class=\"vrc-search-results-block vrc-search-results-block-list\">\n\n\t<div class=\"car_result\">\n\t\t<div class=\"vrc-car-result-left\">\n\t\t\t\t\t<img decoding=\"async\" class=\"imgresult\" alt=\"Peugeot 107\" src=\"https:\/\/www.diasino-amorgos.gr\/wp-content\/plugins\/vikrentcar\/admin\/resources\/peugeot_107.png\"\/>\n\t\t\t\t\t<\/div>\n\t\t<div class=\"vrc-car-result-right\">\n\t\t\t<div class=\"vrc-car-result-rightinner\">\n\t\t\t\t<div class=\"vrc-car-result-rightinner-deep\">\n\t\t\t\t\t<div class=\"vrc-car-result-inner\">\n\t\t\t\t\t\t<h4 class=\"vrc-car-name\">\n\t\t\t\t\t\t\t<a href=\"https:\/\/www.diasino-amorgos.gr\/it\/diasino-auto\/?option=com_vikrentcar&amp;view=cardetails&amp;carid=1\">Peugeot 107<\/a>\n\t\t\t\t\t\t<\/h4>\n\t\t\t\t\t\t\t\t\t\t\t<div class=\"vrc-car-category\">Categoria A<\/div>\n\t\t\t\t\t\t\t\t\t\t\t\t<div class=\"vrc-car-result-description\">\n\t\t\t\t\t\tLa Peugeot 107 \u00e8 una berlina compatta adatta alla citt\u00e0, nota per la sua maneggevolezza agile e le prestazioni Economiche. Con il suo ingombro ridotto, \u00e8 perfetta per la guida in citt\u00e0, manovrando facilmente in spazi ristretti e strade trafficate. \u03a4\u03bf La 107 \u03c0\u03b1\u03c1\u03bf\u03c5\u03c3\u03b9\u03ac\u03b6\u03b5\u03b9 \u03bc\u03b9\u03b1 \u03b1\u03c0\u03bb\u03ae \u03c3\u03c7\u03b5\u03b4\u03af\u03b1\u03c3\u03b7 \u03ba\u03b1\u03b9 \u03b1\u03c0\u03bf\u03c4\u03b5\u03bb\u03b5\u03c3\u03bc\u03b1\u03c4\u03b9\u03ba\u03ae, \u03b5\u03ba\u03c4\u03cc\u03c2 \u03b1\u03c0\u03cc \u03c4\u03bf \u03bc\u03bf\u03bd\u03c4\u03ad\u03c1\u03bd\u03bf mantenendo bassi i consumi di carburante. Ideale per chi guida per la prima volta o per chi cerca un'auto pratica e comforte, unisce stile e funzionalit\u00e0 in un pacchetto compatto.\t\t\t\t\t\t<\/div>\n\t\t\t\t\t\t\t\t\t\t\t\t\t<div class=\"vrc-car-characteristics\">\n\t\t\t\t\t\t\t\t<div class=\"vrccaratsdiv\"><div class=\"vrccarcarat\"><span class=\"vrc-carat-cont\">AC<\/span>\n<\/div><div class=\"vrccarcarat\"><span class=\"vrc-carat-cont\">Radio<\/span>\n<\/div><div class=\"vrccarcarat\"><span class=\"vrc-carat-cont\">5 porte<\/span>\n<\/div><div class=\"vrccarcarat\"><span class=\"vrc-carat-cont\">Manual<\/span>\n<\/div><div class=\"vrccarcarat\"><span class=\"vrc-carat-cont\">Petrol<\/span>\n<\/div><div class=\"vrccarcarat\"><span class=\"vrc-carat-cont\">Chilometri Illimitati<\/span>\n<\/div><div class=\"vrccarcarat\"><span class=\"vrc-carat-cont\">Fino a 4 passeggeri<\/span>\n<\/div><\/div>\n\t\t\t\t\t\t\t<\/div>\n\t\t\t\t\t\t\t\t\t\t\t\t<\/div>\n\t\t\t\t\t<div class=\"vrc-car-lastblock\">\n\t\t\t\t\t\t<div class=\"vrc-car-price\">\n\t\t\t\t\t\t\t<div class=\"vrcsrowpricediv\">\n\t\t\t\t\t\t\t\t\t\t\t\t\t\t\t<span class=\"vrcstartfrom\">A partire da<\/span>\n\t\t\t\t\t\t\t\t<span class=\"car_cost\"><span class=\"vrc_currency\">\u20ac<\/span> <span class=\"vrc_price\">30.00<\/span><\/span>\n\t\t\t\t\t\t\t\t\t\t\t\t\t\t<\/div>\n\t\t\t\t\t\t<\/div>\n\t\t\t\t\t\t<div class=\"vrc-car-bookingbtn\">\n\t\t\t\t\t\t\t<span class=\"vrclistgoon\"><a class=\"btn vrc-pref-color-btn\" href=\"https:\/\/www.diasino-amorgos.gr\/it\/diasino-auto\/?option=com_vikrentcar&amp;view=cardetails&amp;carid=1\">Visualizza dettagli<\/a><\/span>\n\t\t\t\t\t\t<\/div>\n\t\t\t\t\t<\/div>\n\t\t\t\t<\/div>\n\t\t\t<\/div>\n\t\t<\/div>\n\t<\/div>\n\t\t<div class=\"car_result\">\n\t\t<div class=\"vrc-car-result-left\">\n\t\t\t\t\t<img decoding=\"async\" class=\"imgresult\" alt=\"Hyundai i10\" src=\"https:\/\/www.diasino-amorgos.gr\/wp-content\/plugins\/vikrentcar\/admin\/resources\/vthumb_hyundai_i10.webp\"\/>\n\t\t\t\t\t<\/div>\n\t\t<div class=\"vrc-car-result-right\">\n\t\t\t<div class=\"vrc-car-result-rightinner\">\n\t\t\t\t<div class=\"vrc-car-result-rightinner-deep\">\n\t\t\t\t\t<div class=\"vrc-car-result-inner\">\n\t\t\t\t\t\t<h4 class=\"vrc-car-name\">\n\t\t\t\t\t\t\t<a href=\"https:\/\/www.diasino-amorgos.gr\/it\/diasino-auto\/?option=com_vikrentcar&amp;view=cardetails&amp;carid=7\">Hyundai i10<\/a>\n\t\t\t\t\t\t<\/h4>\n\t\t\t\t\t\t\t\t\t\t\t<div class=\"vrc-car-category\">Categoria B<\/div>\n\t\t\t\t\t\t\t\t\t\t\t\t<div class=\"vrc-car-result-description\">\n\t\t\t\t\t\tLa Hyundai i10 \u00e8 una city car compatta e pratica che rende la guida nei paesaggi urbani un gioco da ragazzi. Con la sua maneggevolezza agile e il motore efficiente, \u00e8 perfetta per le strade strette e i parcheggi affollati, offrendo sia agilit\u00e0 che facilit\u00e0 d'uso. La i10 combina un interno sorprendentemente spazioso con un design moderno ed elegante, con un abitacolo ben equipaggiato e una tecnologia intuitiva. Nonostante le sue dimensioni ridotte, offre una guida confortevole e un'esperienza di guida fluida. Con un'eccellente efficienza nei consumi e una gamma di funzioni di sicurezza intelligenti, la Hyundai i10 \u00e8 la scelta ideale per chi cerca un'auto conveniente, affidabile ed ecologica per la guida quotidiana in citt\u00e0.\t\t\t\t\t\t<\/div>\n\t\t\t\t\t\t\t\t\t\t\t\t\t<div class=\"vrc-car-characteristics\">\n\t\t\t\t\t\t\t\t<div class=\"vrccaratsdiv\"><div class=\"vrccarcarat\"><span class=\"vrc-carat-cont\">AC<\/span>\n<\/div><div class=\"vrccarcarat\"><span class=\"vrc-carat-cont\">Radio<\/span>\n<\/div><div class=\"vrccarcarat\"><span class=\"vrc-carat-cont\">5 porte<\/span>\n<\/div><div class=\"vrccarcarat\"><span class=\"vrc-carat-cont\">Manual<\/span>\n<\/div><div class=\"vrccarcarat\"><span class=\"vrc-carat-cont\">Petrol<\/span>\n<\/div><div class=\"vrccarcarat\"><span class=\"vrc-carat-cont\">Chilometri Illimitati<\/span>\n<\/div><div class=\"vrccarcarat\"><span class=\"vrc-carat-cont\">Fino a 4 passeggeri<\/span>\n<\/div><\/div>\n\t\t\t\t\t\t\t<\/div>\n\t\t\t\t\t\t\t\t\t\t\t\t<\/div>\n\t\t\t\t\t<div class=\"vrc-car-lastblock\">\n\t\t\t\t\t\t<div class=\"vrc-car-price\">\n\t\t\t\t\t\t\t<div class=\"vrcsrowpricediv\">\n\t\t\t\t\t\t\t\t\t\t\t\t\t\t\t<span class=\"vrcstartfrom\">A partire da<\/span>\n\t\t\t\t\t\t\t\t<span class=\"car_cost\"><span class=\"vrc_currency\">\u20ac<\/span> <span class=\"vrc_price\">35.00<\/span><\/span>\n\t\t\t\t\t\t\t\t\t\t\t\t\t\t<\/div>\n\t\t\t\t\t\t<\/div>\n\t\t\t\t\t\t<div class=\"vrc-car-bookingbtn\">\n\t\t\t\t\t\t\t<span class=\"vrclistgoon\"><a class=\"btn vrc-pref-color-btn\" href=\"https:\/\/www.diasino-amorgos.gr\/it\/diasino-auto\/?option=com_vikrentcar&amp;view=cardetails&amp;carid=7\">Visualizza dettagli<\/a><\/span>\n\t\t\t\t\t\t<\/div>\n\t\t\t\t\t<\/div>\n\t\t\t\t<\/div>\n\t\t\t<\/div>\n\t\t<\/div>\n\t<\/div>\n\t\t<div class=\"car_result\">\n\t\t<div class=\"vrc-car-result-left\">\n\t\t\t\t\t<img decoding=\"async\" class=\"imgresult\" alt=\"Citro\u00ebn C1 Automatic\" src=\"https:\/\/www.diasino-amorgos.gr\/wp-content\/plugins\/vikrentcar\/admin\/resources\/vthumb_citroen_c1_automatic.png\"\/>\n\t\t\t\t\t<\/div>\n\t\t<div class=\"vrc-car-result-right\">\n\t\t\t<div class=\"vrc-car-result-rightinner\">\n\t\t\t\t<div class=\"vrc-car-result-rightinner-deep\">\n\t\t\t\t\t<div class=\"vrc-car-result-inner\">\n\t\t\t\t\t\t<h4 class=\"vrc-car-name\">\n\t\t\t\t\t\t\t<a href=\"https:\/\/www.diasino-amorgos.gr\/it\/diasino-auto\/?option=com_vikrentcar&amp;view=cardetails&amp;carid=2\">Citro\u00ebn C1 Automatic<\/a>\n\t\t\t\t\t\t<\/h4>\n\t\t\t\t\t\t\t\t\t\t\t<div class=\"vrc-car-category\">Automatico<\/div>\n\t\t\t\t\t\t\t\t\t\t\t\t<div class=\"vrc-car-result-description\">\n\t\t\t\t\t\tLa Citro\u00ebn C1 Automatic \u00e8 una city car compatta ed elegante, progettata per la vita urbana. Con le sue dimensioni ridotte e la maneggevolezza leggera, \u00e8 il veicolo perfetto per muoversi in strade trafficate e parcheggi stretti. Il cambio automatico assicura una guida senza sforzi, rendendola la scelta ideale per chi desidera un'esperienza di guida semplice e senza problemi. Il suo design eccentrico e moderno aggiunge un tocco di personalit\u00e0, mentre il suo motore efficiente garantisce un'ottima economia di carburante. La C1 unisce praticit\u00e0 e divertimento, offrendo una guida confortevole, comandi semplici e un prezzo accessibile, rendendola un'ottima opzione sia per chi vive in citt\u00e0 che per chi guida per la prima volta.\t\t\t\t\t\t<\/div>\n\t\t\t\t\t\t\t\t\t\t\t\t\t<div class=\"vrc-car-characteristics\">\n\t\t\t\t\t\t\t\t<div class=\"vrccaratsdiv\"><div class=\"vrccarcarat\"><span class=\"vrc-carat-cont\">AC<\/span>\n<\/div><div class=\"vrccarcarat\"><span class=\"vrc-carat-cont\">Radio<\/span>\n<\/div><div class=\"vrccarcarat\"><span class=\"vrc-carat-cont\">5 porte<\/span>\n<\/div><div class=\"vrccarcarat\"><span class=\"vrc-carat-cont\">Petrol<\/span>\n<\/div><div class=\"vrccarcarat\"><span class=\"vrc-carat-cont\">Chilometri Illimitati<\/span>\n<\/div><div class=\"vrccarcarat\"><span class=\"vrc-carat-cont\">Fino a 4 passeggeri<\/span>\n<\/div><\/div>\n\t\t\t\t\t\t\t<\/div>\n\t\t\t\t\t\t\t\t\t\t\t\t<\/div>\n\t\t\t\t\t<div class=\"vrc-car-lastblock\">\n\t\t\t\t\t\t<div class=\"vrc-car-price\">\n\t\t\t\t\t\t\t<div class=\"vrcsrowpricediv\">\n\t\t\t\t\t\t\t\t\t\t\t\t\t\t\t<span class=\"vrcstartfrom\">A partire da<\/span>\n\t\t\t\t\t\t\t\t<span class=\"car_cost\"><span class=\"vrc_currency\">\u20ac<\/span> <span class=\"vrc_price\">40.00<\/span><\/span>\n\t\t\t\t\t\t\t\t\t\t\t\t\t\t<\/div>\n\t\t\t\t\t\t<\/div>\n\t\t\t\t\t\t<div class=\"vrc-car-bookingbtn\">\n\t\t\t\t\t\t\t<span class=\"vrclistgoon\"><a class=\"btn vrc-pref-color-btn\" href=\"https:\/\/www.diasino-amorgos.gr\/it\/diasino-auto\/?option=com_vikrentcar&amp;view=cardetails&amp;carid=2\">Visualizza dettagli<\/a><\/span>\n\t\t\t\t\t\t<\/div>\n\t\t\t\t\t<\/div>\n\t\t\t\t<\/div>\n\t\t\t<\/div>\n\t\t<\/div>\n\t<\/div>\n\t\t<div class=\"car_result\">\n\t\t<div class=\"vrc-car-result-left\">\n\t\t\t\t\t<img decoding=\"async\" class=\"imgresult\" alt=\"Peugeot 208 Diesel\" src=\"https:\/\/www.diasino-amorgos.gr\/wp-content\/plugins\/vikrentcar\/admin\/resources\/peugeot_208_diesel1.png\"\/>\n\t\t\t\t\t<\/div>\n\t\t<div class=\"vrc-car-result-right\">\n\t\t\t<div class=\"vrc-car-result-rightinner\">\n\t\t\t\t<div class=\"vrc-car-result-rightinner-deep\">\n\t\t\t\t\t<div class=\"vrc-car-result-inner\">\n\t\t\t\t\t\t<h4 class=\"vrc-car-name\">\n\t\t\t\t\t\t\t<a href=\"https:\/\/www.diasino-amorgos.gr\/it\/diasino-auto\/?option=com_vikrentcar&amp;view=cardetails&amp;carid=3\">Peugeot 208 Diesel<\/a>\n\t\t\t\t\t\t<\/h4>\n\t\t\t\t\t\t\t\t\t\t\t<div class=\"vrc-car-category\">Categoria B<\/div>\n\t\t\t\t\t\t\t\t\t\t\t\t<div class=\"vrc-car-result-description\">\n\t\t\t\t\t\tLa Peugeot 208 \u00e8 una supermini elegante e dinamica che unisce prestazioni sportive a un design moderno. Con le sue dimensioni compatte e la maneggevolezza agile, \u00e8 perfetta sia per la guida in citt\u00e0 che per i viaggi pi\u00f9 lunghi, offrendo un'esperienza di guida divertente senza compromettere la praticit\u00e0. La 208 vanta interni raffinati con materiali di alta qualit\u00e0 e tecnologia intuitiva, garantendo comfort e praticit\u00e0 sia per il conducente che per i passeggeri. I suoi motori a basso consumo di carburante e le funzioni di sicurezza avanzate la rendono un'opzione completa per coloro che cercano un'auto affidabile ed ecologica. Che si tratti di percorrere strade urbane o di viaggiare su strade aperte, la Peugeot 208 unisce raffinatezza, efficienza e un tocco di stile.\t\t\t\t\t\t<\/div>\n\t\t\t\t\t\t\t\t\t\t\t\t\t<div class=\"vrc-car-characteristics\">\n\t\t\t\t\t\t\t\t<div class=\"vrccaratsdiv\"><div class=\"vrccarcarat\"><span class=\"vrc-carat-cont\">AC<\/span>\n<\/div><div class=\"vrccarcarat\"><span class=\"vrc-carat-cont\">Radio<\/span>\n<\/div><div class=\"vrccarcarat\"><span class=\"vrc-carat-cont\">5 porte<\/span>\n<\/div><div class=\"vrccarcarat\"><span class=\"vrc-carat-cont\">Manual<\/span>\n<\/div><div class=\"vrccarcarat\"><span class=\"vrc-carat-cont\">Diesel<\/span>\n<\/div><div class=\"vrccarcarat\"><span class=\"vrc-carat-cont\">Chilometri Illimitati<\/span>\n<\/div><div class=\"vrccarcarat\"><span class=\"vrc-carat-cont\">Fino a 4 passeggeri<\/span>\n<\/div><\/div>\n\t\t\t\t\t\t\t<\/div>\n\t\t\t\t\t\t\t\t\t\t\t\t<\/div>\n\t\t\t\t\t<div class=\"vrc-car-lastblock\">\n\t\t\t\t\t\t<div class=\"vrc-car-price\">\n\t\t\t\t\t\t\t<div class=\"vrcsrowpricediv\">\n\t\t\t\t\t\t\t\t\t\t\t\t\t\t\t<span class=\"vrcstartfrom\">A partire da<\/span>\n\t\t\t\t\t\t\t\t<span class=\"car_cost\"><span class=\"vrc_currency\">\u20ac<\/span> <span class=\"vrc_price\">40.00<\/span><\/span>\n\t\t\t\t\t\t\t\t\t\t\t\t\t\t<\/div>\n\t\t\t\t\t\t<\/div>\n\t\t\t\t\t\t<div class=\"vrc-car-bookingbtn\">\n\t\t\t\t\t\t\t<span class=\"vrclistgoon\"><a class=\"btn vrc-pref-color-btn\" href=\"https:\/\/www.diasino-amorgos.gr\/it\/diasino-auto\/?option=com_vikrentcar&amp;view=cardetails&amp;carid=3\">Visualizza dettagli<\/a><\/span>\n\t\t\t\t\t\t<\/div>\n\t\t\t\t\t<\/div>\n\t\t\t\t<\/div>\n\t\t\t<\/div>\n\t\t<\/div>\n\t<\/div>\n\t\t<div class=\"car_result\">\n\t\t<div class=\"vrc-car-result-left\">\n\t\t\t\t\t<img decoding=\"async\" class=\"imgresult\" alt=\"Peugeot 108 with open roof\" src=\"https:\/\/www.diasino-amorgos.gr\/wp-content\/plugins\/vikrentcar\/admin\/resources\/peugeot_108_with_open_roof.png\"\/>\n\t\t\t\t\t<\/div>\n\t\t<div class=\"vrc-car-result-right\">\n\t\t\t<div class=\"vrc-car-result-rightinner\">\n\t\t\t\t<div class=\"vrc-car-result-rightinner-deep\">\n\t\t\t\t\t<div class=\"vrc-car-result-inner\">\n\t\t\t\t\t\t<h4 class=\"vrc-car-name\">\n\t\t\t\t\t\t\t<a href=\"https:\/\/www.diasino-amorgos.gr\/it\/diasino-auto\/?option=com_vikrentcar&amp;view=cardetails&amp;carid=5\">Peugeot 108 with open roof<\/a>\n\t\t\t\t\t\t<\/h4>\n\t\t\t\t\t\t\t\t\t\t\t<div class=\"vrc-car-category\">Categoria A<\/div>\n\t\t\t\t\t\t\t\t\t\t\t\t<div class=\"vrc-car-result-description\">\n\t\t\t\t\t\tLa Peugeot 108 con tetto scoperto \u00e8 la scelta perfetta per chi desidera un pizzico di libert\u00e0 e divertimento nella guida in citt\u00e0. Questa city car elegante e compatta \u00e8 dotata di un tetto in tela convertibile che pu\u00f2 essere retratto per far entrare il sole e l'aria fresca, offrendo una vera sensazione di guida all'aria aperta. Con il suo design chic, l'ingombro compatto e la maneggevolezza agile, la 108 \u00e8 ideale per muoversi nelle strette strade urbane, mentre il tetto scoperto aggiunge un elemento giocoso e spensierato all'esperienza di guida. All'interno, la 108 \u00e8 sorprendentemente spaziosa per le sue dimensioni, con tecnologia moderna e un interno confortevole. Che si tratti di percorrere le strade cittadine o di godersi un giro panoramico con il tetto abbassato, la Peugeot 108 offre un mix unico di stile, praticit\u00e0 e divertimento all'aria aperta.\t\t\t\t\t\t<\/div>\n\t\t\t\t\t\t\t\t\t\t\t\t\t<div class=\"vrc-car-characteristics\">\n\t\t\t\t\t\t\t\t<div class=\"vrccaratsdiv\"><div class=\"vrccarcarat\"><span class=\"vrc-carat-cont\">AC<\/span>\n<\/div><div class=\"vrccarcarat\"><span class=\"vrc-carat-cont\">Radio<\/span>\n<\/div><div class=\"vrccarcarat\"><span class=\"vrc-carat-cont\">5 porte<\/span>\n<\/div><div class=\"vrccarcarat\"><span class=\"vrc-carat-cont\">Manual<\/span>\n<\/div><div class=\"vrccarcarat\"><span class=\"vrc-carat-cont\">Petrol<\/span>\n<\/div><div class=\"vrccarcarat\"><span class=\"vrc-carat-cont\">Chilometri Illimitati<\/span>\n<\/div><div class=\"vrccarcarat\"><span class=\"vrc-carat-cont\">Fino a 4 passeggeri<\/span>\n<\/div><\/div>\n\t\t\t\t\t\t\t<\/div>\n\t\t\t\t\t\t\t\t\t\t\t\t<\/div>\n\t\t\t\t\t<div class=\"vrc-car-lastblock\">\n\t\t\t\t\t\t<div class=\"vrc-car-price\">\n\t\t\t\t\t\t\t<div class=\"vrcsrowpricediv\">\n\t\t\t\t\t\t\t\t\t\t\t\t\t\t\t<span class=\"vrcstartfrom\">A partire da<\/span>\n\t\t\t\t\t\t\t\t<span class=\"car_cost\"><span class=\"vrc_currency\">\u20ac<\/span> <span class=\"vrc_price\">40.00<\/span><\/span>\n\t\t\t\t\t\t\t\t\t\t\t\t\t\t<\/div>\n\t\t\t\t\t\t<\/div>\n\t\t\t\t\t\t<div class=\"vrc-car-bookingbtn\">\n\t\t\t\t\t\t\t<span class=\"vrclistgoon\"><a class=\"btn vrc-pref-color-btn\" href=\"https:\/\/www.diasino-amorgos.gr\/it\/diasino-auto\/?option=com_vikrentcar&amp;view=cardetails&amp;carid=5\">Visualizza dettagli<\/a><\/span>\n\t\t\t\t\t\t<\/div>\n\t\t\t\t\t<\/div>\n\t\t\t\t<\/div>\n\t\t\t<\/div>\n\t\t<\/div>\n\t<\/div>\n\t<\/div>\n\n<script type=\"text\/javascript\">\njQuery(function() {\n\tif (jQuery('.car_result').length) {\n\t\tjQuery('.car_result').each(function() {\n\t\t\tvar car_img = jQuery(this).find('.vrc-car-result-left').find('img');\n\t\t\tif (car_img.length) {\n\t\t\t\tjQuery(this).find('.vrc-car-result-right').find('.vrc-car-result-rightinner').find('.vrc-car-result-rightinner-deep').find('.vrc-car-result-inner').css('min-height', car_img.height()+'px');\n\t\t\t}\n\t\t});\n\t};\n});\n<\/script>\n\n<\/div>\n\n","protected":false},"excerpt":{"rendered":"","protected":false},"author":1,"featured_media":0,"parent":0,"menu_order":0,"comment_status":"closed","ping_status":"closed","template":"templates\/template-fullwidth-boxed.php","meta":{"inline_featured_image":false,"_exactmetrics_skip_tracking":false,"_exactmetrics_sitenote_active":false,"_exactmetrics_sitenote_note":"","_exactmetrics_sitenote_category":0,"_joinchat":[],"footnotes":""},"class_list":["post-2816","page","type-page","status-publish","hentry"],"yoast_head":"<!-- This site is optimized with the Yoast SEO plugin v27.5 - https:\/\/yoast.com\/product\/yoast-seo-wordpress\/ -->\n<title>diasino auto - Diasino Studios &amp; Houses<\/title>\n<meta name=\"robots\" content=\"index, follow, max-snippet:-1, max-image-preview:large, max-video-preview:-1\" \/>\n<link rel=\"canonical\" href=\"https:\/\/www.diasino-amorgos.gr\/it\/diasino-auto\/\" \/>\n<meta property=\"og:locale\" content=\"it_IT\" \/>\n<meta property=\"og:type\" content=\"article\" \/>\n<meta property=\"og:title\" content=\"diasino auto - Diasino Studios &amp; Houses\" \/>\n<meta property=\"og:url\" content=\"https:\/\/www.diasino-amorgos.gr\/it\/diasino-auto\/\" \/>\n<meta property=\"og:site_name\" content=\"Diasino Studios &amp; Houses\" \/>\n<meta property=\"article:modified_time\" content=\"2025-03-17T20:17:51+00:00\" \/>\n<meta name=\"twitter:card\" content=\"summary_large_image\" \/>\n<script type=\"application\/ld+json\" class=\"yoast-schema-graph\">{\"@context\":\"https:\\\/\\\/schema.org\",\"@graph\":[{\"@type\":\"WebPage\",\"@id\":\"https:\\\/\\\/www.diasino-amorgos.gr\\\/it\\\/diasino-auto\\\/\",\"url\":\"https:\\\/\\\/www.diasino-amorgos.gr\\\/it\\\/diasino-auto\\\/\",\"name\":\"diasino auto - Diasino Studios &amp; Houses\",\"isPartOf\":{\"@id\":\"https:\\\/\\\/www.diasino-amorgos.gr\\\/it\\\/#website\"},\"datePublished\":\"2024-12-07T09:59:06+00:00\",\"dateModified\":\"2025-03-17T20:17:51+00:00\",\"breadcrumb\":{\"@id\":\"https:\\\/\\\/www.diasino-amorgos.gr\\\/it\\\/diasino-auto\\\/#breadcrumb\"},\"inLanguage\":\"it-IT\",\"potentialAction\":[{\"@type\":\"ReadAction\",\"target\":[\"https:\\\/\\\/www.diasino-amorgos.gr\\\/it\\\/diasino-auto\\\/\"]}]},{\"@type\":\"BreadcrumbList\",\"@id\":\"https:\\\/\\\/www.diasino-amorgos.gr\\\/it\\\/diasino-auto\\\/#breadcrumb\",\"itemListElement\":[{\"@type\":\"ListItem\",\"position\":1,\"name\":\"Home\",\"item\":\"https:\\\/\\\/www.diasino-amorgos.gr\\\/it\\\/\"},{\"@type\":\"ListItem\",\"position\":2,\"name\":\"diasino auto\"}]},{\"@type\":\"WebSite\",\"@id\":\"https:\\\/\\\/www.diasino-amorgos.gr\\\/it\\\/#website\",\"url\":\"https:\\\/\\\/www.diasino-amorgos.gr\\\/it\\\/\",\"name\":\"Diasino Studios &amp; Houses\",\"description\":\"In Amorgos\",\"publisher\":{\"@id\":\"https:\\\/\\\/www.diasino-amorgos.gr\\\/it\\\/#organization\"},\"potentialAction\":[{\"@type\":\"SearchAction\",\"target\":{\"@type\":\"EntryPoint\",\"urlTemplate\":\"https:\\\/\\\/www.diasino-amorgos.gr\\\/it\\\/?s={search_term_string}\"},\"query-input\":{\"@type\":\"PropertyValueSpecification\",\"valueRequired\":true,\"valueName\":\"search_term_string\"}}],\"inLanguage\":\"it-IT\"},{\"@type\":\"Organization\",\"@id\":\"https:\\\/\\\/www.diasino-amorgos.gr\\\/it\\\/#organization\",\"name\":\"Diasino Studios &amp; Houses\",\"url\":\"https:\\\/\\\/www.diasino-amorgos.gr\\\/it\\\/\",\"logo\":{\"@type\":\"ImageObject\",\"inLanguage\":\"it-IT\",\"@id\":\"https:\\\/\\\/www.diasino-amorgos.gr\\\/it\\\/#\\\/schema\\\/logo\\\/image\\\/\",\"url\":\"https:\\\/\\\/www.diasino-amorgos.gr\\\/wp-content\\\/uploads\\\/2024\\\/11\\\/cropped-logo-test1.png\",\"contentUrl\":\"https:\\\/\\\/www.diasino-amorgos.gr\\\/wp-content\\\/uploads\\\/2024\\\/11\\\/cropped-logo-test1.png\",\"width\":498,\"height\":221,\"caption\":\"Diasino Studios &amp; Houses\"},\"image\":{\"@id\":\"https:\\\/\\\/www.diasino-amorgos.gr\\\/it\\\/#\\\/schema\\\/logo\\\/image\\\/\"}}]}<\/script>\n<!-- \/ Yoast SEO plugin. -->","yoast_head_json":{"title":"diasino auto - Diasino Studios &amp; Houses","robots":{"index":"index","follow":"follow","max-snippet":"max-snippet:-1","max-image-preview":"max-image-preview:large","max-video-preview":"max-video-preview:-1"},"canonical":"https:\/\/www.diasino-amorgos.gr\/it\/diasino-auto\/","og_locale":"it_IT","og_type":"article","og_title":"diasino auto - Diasino Studios &amp; Houses","og_url":"https:\/\/www.diasino-amorgos.gr\/it\/diasino-auto\/","og_site_name":"Diasino Studios &amp; Houses","article_modified_time":"2025-03-17T20:17:51+00:00","twitter_card":"summary_large_image","schema":{"@context":"https:\/\/schema.org","@graph":[{"@type":"WebPage","@id":"https:\/\/www.diasino-amorgos.gr\/it\/diasino-auto\/","url":"https:\/\/www.diasino-amorgos.gr\/it\/diasino-auto\/","name":"diasino auto - Diasino Studios &amp; Houses","isPartOf":{"@id":"https:\/\/www.diasino-amorgos.gr\/it\/#website"},"datePublished":"2024-12-07T09:59:06+00:00","dateModified":"2025-03-17T20:17:51+00:00","breadcrumb":{"@id":"https:\/\/www.diasino-amorgos.gr\/it\/diasino-auto\/#breadcrumb"},"inLanguage":"it-IT","potentialAction":[{"@type":"ReadAction","target":["https:\/\/www.diasino-amorgos.gr\/it\/diasino-auto\/"]}]},{"@type":"BreadcrumbList","@id":"https:\/\/www.diasino-amorgos.gr\/it\/diasino-auto\/#breadcrumb","itemListElement":[{"@type":"ListItem","position":1,"name":"Home","item":"https:\/\/www.diasino-amorgos.gr\/it\/"},{"@type":"ListItem","position":2,"name":"diasino auto"}]},{"@type":"WebSite","@id":"https:\/\/www.diasino-amorgos.gr\/it\/#website","url":"https:\/\/www.diasino-amorgos.gr\/it\/","name":"Diasino Studios &amp; Houses","description":"In Amorgos","publisher":{"@id":"https:\/\/www.diasino-amorgos.gr\/it\/#organization"},"potentialAction":[{"@type":"SearchAction","target":{"@type":"EntryPoint","urlTemplate":"https:\/\/www.diasino-amorgos.gr\/it\/?s={search_term_string}"},"query-input":{"@type":"PropertyValueSpecification","valueRequired":true,"valueName":"search_term_string"}}],"inLanguage":"it-IT"},{"@type":"Organization","@id":"https:\/\/www.diasino-amorgos.gr\/it\/#organization","name":"Diasino Studios &amp; Houses","url":"https:\/\/www.diasino-amorgos.gr\/it\/","logo":{"@type":"ImageObject","inLanguage":"it-IT","@id":"https:\/\/www.diasino-amorgos.gr\/it\/#\/schema\/logo\/image\/","url":"https:\/\/www.diasino-amorgos.gr\/wp-content\/uploads\/2024\/11\/cropped-logo-test1.png","contentUrl":"https:\/\/www.diasino-amorgos.gr\/wp-content\/uploads\/2024\/11\/cropped-logo-test1.png","width":498,"height":221,"caption":"Diasino Studios &amp; Houses"},"image":{"@id":"https:\/\/www.diasino-amorgos.gr\/it\/#\/schema\/logo\/image\/"}}]}},"_links":{"self":[{"href":"https:\/\/www.diasino-amorgos.gr\/it\/wp-json\/wp\/v2\/pages\/2816","targetHints":{"allow":["GET"]}}],"collection":[{"href":"https:\/\/www.diasino-amorgos.gr\/it\/wp-json\/wp\/v2\/pages"}],"about":[{"href":"https:\/\/www.diasino-amorgos.gr\/it\/wp-json\/wp\/v2\/types\/page"}],"author":[{"embeddable":true,"href":"https:\/\/www.diasino-amorgos.gr\/it\/wp-json\/wp\/v2\/users\/1"}],"replies":[{"embeddable":true,"href":"https:\/\/www.diasino-amorgos.gr\/it\/wp-json\/wp\/v2\/comments?post=2816"}],"version-history":[{"count":1,"href":"https:\/\/www.diasino-amorgos.gr\/it\/wp-json\/wp\/v2\/pages\/2816\/revisions"}],"predecessor-version":[{"id":2867,"href":"https:\/\/www.diasino-amorgos.gr\/it\/wp-json\/wp\/v2\/pages\/2816\/revisions\/2867"}],"wp:attachment":[{"href":"https:\/\/www.diasino-amorgos.gr\/it\/wp-json\/wp\/v2\/media?parent=2816"}],"curies":[{"name":"wp","href":"https:\/\/api.w.org\/{rel}","templated":true}]}}