{"id":2814,"date":"2024-12-07T09:59:06","date_gmt":"2024-12-07T09:59:06","guid":{"rendered":"https:\/\/www.diasino-amorgos.gr\/voitures-diasino\/"},"modified":"2025-03-17T20:16:43","modified_gmt":"2025-03-17T20:16:43","slug":"voitures-diasino","status":"publish","type":"page","link":"https:\/\/www.diasino-amorgos.gr\/fr\/voitures-diasino\/","title":{"rendered":"voitures diasino"},"content":{"rendered":"\n<div class=\"wrap plugin-container\">\n\n\t\n\t\n\t<h3 class=\"vrc-main-title\">Diasino Car Rental in Amorgos<\/h3><div class=\"vrc-search-results-block vrc-search-results-block-list\">\n\n\t<div class=\"car_result\">\n\t\t<div class=\"vrc-car-result-left\">\n\t\t\t\t\t<img decoding=\"async\" class=\"imgresult\" alt=\"Peugeot 107\" src=\"https:\/\/www.diasino-amorgos.gr\/wp-content\/plugins\/vikrentcar\/admin\/resources\/peugeot_107.png\"\/>\n\t\t\t\t\t<\/div>\n\t\t<div class=\"vrc-car-result-right\">\n\t\t\t<div class=\"vrc-car-result-rightinner\">\n\t\t\t\t<div class=\"vrc-car-result-rightinner-deep\">\n\t\t\t\t\t<div class=\"vrc-car-result-inner\">\n\t\t\t\t\t\t<h4 class=\"vrc-car-name\">\n\t\t\t\t\t\t\t<a href=\"https:\/\/www.diasino-amorgos.gr\/fr\/voitures-diasino\/?option=com_vikrentcar&amp;view=cardetails&amp;carid=1\">Peugeot 107<\/a>\n\t\t\t\t\t\t<\/h4>\n\t\t\t\t\t\t\t\t\t\t\t<div class=\"vrc-car-category\">Cat\u00e9gorie A<\/div>\n\t\t\t\t\t\t\t\t\t\t\t\t<div class=\"vrc-car-result-description\">\n\t\t\t\t\t\tLa Peugeot 107 est une berline citadine compacte connue pour sa maniabilit\u00e9 agile et ses performances \u00e9conomiques. Avec son faible encombrement, il est parfait pour la conduite en ville, man\u0153uvrant facilement dans les espaces restreints et dans les rues anim\u00e9es. Le 107 pr\u00e9sente une conception simple et efficace, offrant une conduite confortable tout en maintenant une faible consommation de carburant. Id\u00e9al pour les conducteurs d\u00e9butants ou ceux qui recherchent une voiture pratique et abordable, il allie style et fonctionnalit\u00e9 dans un ensemble compact.\t\t\t\t\t\t<\/div>\n\t\t\t\t\t\t\t\t\t\t\t\t\t<div class=\"vrc-car-characteristics\">\n\t\t\t\t\t\t\t\t<div class=\"vrccaratsdiv\"><div class=\"vrccarcarat\"><span class=\"vrc-carat-cont\">AC<\/span>\n<\/div><div class=\"vrccarcarat\"><span class=\"vrc-carat-cont\">Radio<\/span>\n<\/div><div class=\"vrccarcarat\"><span class=\"vrc-carat-cont\">5 portes<\/span>\n<\/div><div class=\"vrccarcarat\"><span class=\"vrc-carat-cont\">Manual<\/span>\n<\/div><div class=\"vrccarcarat\"><span class=\"vrc-carat-cont\">Petrol<\/span>\n<\/div><div class=\"vrccarcarat\"><span class=\"vrc-carat-cont\">Kilom\u00e8tres Illimit\u00e9s<\/span>\n<\/div><div class=\"vrccarcarat\"><span class=\"vrc-carat-cont\">Jusqu'\u00e0 4 passagers<\/span>\n<\/div><\/div>\n\t\t\t\t\t\t\t<\/div>\n\t\t\t\t\t\t\t\t\t\t\t\t<\/div>\n\t\t\t\t\t<div class=\"vrc-car-lastblock\">\n\t\t\t\t\t\t<div class=\"vrc-car-price\">\n\t\t\t\t\t\t\t<div class=\"vrcsrowpricediv\">\n\t\t\t\t\t\t\t\t\t\t\t\t\t\t\t<span class=\"vrcstartfrom\">commence \u00e0<\/span>\n\t\t\t\t\t\t\t\t<span class=\"car_cost\"><span class=\"vrc_currency\">\u20ac<\/span> <span class=\"vrc_price\">30.00<\/span><\/span>\n\t\t\t\t\t\t\t\t\t\t\t\t\t\t<\/div>\n\t\t\t\t\t\t<\/div>\n\t\t\t\t\t\t<div class=\"vrc-car-bookingbtn\">\n\t\t\t\t\t\t\t<span class=\"vrclistgoon\"><a class=\"btn vrc-pref-color-btn\" href=\"https:\/\/www.diasino-amorgos.gr\/fr\/voitures-diasino\/?option=com_vikrentcar&amp;view=cardetails&amp;carid=1\">Voir les D\u00e9tails<\/a><\/span>\n\t\t\t\t\t\t<\/div>\n\t\t\t\t\t<\/div>\n\t\t\t\t<\/div>\n\t\t\t<\/div>\n\t\t<\/div>\n\t<\/div>\n\t\t<div class=\"car_result\">\n\t\t<div class=\"vrc-car-result-left\">\n\t\t\t\t\t<img decoding=\"async\" class=\"imgresult\" alt=\"Hyundai i10\" src=\"https:\/\/www.diasino-amorgos.gr\/wp-content\/plugins\/vikrentcar\/admin\/resources\/vthumb_hyundai_i10.webp\"\/>\n\t\t\t\t\t<\/div>\n\t\t<div class=\"vrc-car-result-right\">\n\t\t\t<div class=\"vrc-car-result-rightinner\">\n\t\t\t\t<div class=\"vrc-car-result-rightinner-deep\">\n\t\t\t\t\t<div class=\"vrc-car-result-inner\">\n\t\t\t\t\t\t<h4 class=\"vrc-car-name\">\n\t\t\t\t\t\t\t<a href=\"https:\/\/www.diasino-amorgos.gr\/fr\/voitures-diasino\/?option=com_vikrentcar&amp;view=cardetails&amp;carid=7\">Hyundai i10<\/a>\n\t\t\t\t\t\t<\/h4>\n\t\t\t\t\t\t\t\t\t\t\t<div class=\"vrc-car-category\">Cat\u00e9gorie B<\/div>\n\t\t\t\t\t\t\t\t\t\t\t\t<div class=\"vrc-car-result-description\">\n\t\t\t\t\t\tLa Hyundai i10 est une citadine compacte et pratique qui permet de se d\u00e9placer en ville en toute simplicit\u00e9. Gr\u00e2ce \u00e0 sa maniabilit\u00e9 agile et \u00e0 son moteur efficace, elle est parfaite pour les rues \u00e9troites et les parkings tr\u00e8s fr\u00e9quent\u00e9s, offrant \u00e0 la fois agilit\u00e9 et facilit\u00e9 d'utilisation. La i10 allie un int\u00e9rieur \u00e9tonnamment spacieux \u00e0 un design moderne et \u00e9l\u00e9gant, avec un habitacle bien am\u00e9nag\u00e9 et une technologie intuitive. Malgr\u00e9 sa petite taille, elle offre une conduite confortable et une exp\u00e9rience de conduite fluide. Avec une excellente efficacit\u00e9 \u00e9nerg\u00e9tique et une gamme de fonctions de s\u00e9curit\u00e9 intelligentes, la Hyundai i10 est un choix id\u00e9al pour ceux qui recherchent une voiture abordable, fiable et \u00e9cologique pour la conduite quotidienne en ville.\t\t\t\t\t\t<\/div>\n\t\t\t\t\t\t\t\t\t\t\t\t\t<div class=\"vrc-car-characteristics\">\n\t\t\t\t\t\t\t\t<div class=\"vrccaratsdiv\"><div class=\"vrccarcarat\"><span class=\"vrc-carat-cont\">AC<\/span>\n<\/div><div class=\"vrccarcarat\"><span class=\"vrc-carat-cont\">Radio<\/span>\n<\/div><div class=\"vrccarcarat\"><span class=\"vrc-carat-cont\">5 portes<\/span>\n<\/div><div class=\"vrccarcarat\"><span class=\"vrc-carat-cont\">Manual<\/span>\n<\/div><div class=\"vrccarcarat\"><span class=\"vrc-carat-cont\">Petrol<\/span>\n<\/div><div class=\"vrccarcarat\"><span class=\"vrc-carat-cont\">Kilom\u00e8tres Illimit\u00e9s<\/span>\n<\/div><div class=\"vrccarcarat\"><span class=\"vrc-carat-cont\">Jusqu'\u00e0 4 passagers<\/span>\n<\/div><\/div>\n\t\t\t\t\t\t\t<\/div>\n\t\t\t\t\t\t\t\t\t\t\t\t<\/div>\n\t\t\t\t\t<div class=\"vrc-car-lastblock\">\n\t\t\t\t\t\t<div class=\"vrc-car-price\">\n\t\t\t\t\t\t\t<div class=\"vrcsrowpricediv\">\n\t\t\t\t\t\t\t\t\t\t\t\t\t\t\t<span class=\"vrcstartfrom\">commence \u00e0<\/span>\n\t\t\t\t\t\t\t\t<span class=\"car_cost\"><span class=\"vrc_currency\">\u20ac<\/span> <span class=\"vrc_price\">35.00<\/span><\/span>\n\t\t\t\t\t\t\t\t\t\t\t\t\t\t<\/div>\n\t\t\t\t\t\t<\/div>\n\t\t\t\t\t\t<div class=\"vrc-car-bookingbtn\">\n\t\t\t\t\t\t\t<span class=\"vrclistgoon\"><a class=\"btn vrc-pref-color-btn\" href=\"https:\/\/www.diasino-amorgos.gr\/fr\/voitures-diasino\/?option=com_vikrentcar&amp;view=cardetails&amp;carid=7\">Voir les D\u00e9tails<\/a><\/span>\n\t\t\t\t\t\t<\/div>\n\t\t\t\t\t<\/div>\n\t\t\t\t<\/div>\n\t\t\t<\/div>\n\t\t<\/div>\n\t<\/div>\n\t\t<div class=\"car_result\">\n\t\t<div class=\"vrc-car-result-left\">\n\t\t\t\t\t<img decoding=\"async\" class=\"imgresult\" alt=\"Citro\u00ebn C1 Automatic\" src=\"https:\/\/www.diasino-amorgos.gr\/wp-content\/plugins\/vikrentcar\/admin\/resources\/vthumb_citroen_c1_automatic.png\"\/>\n\t\t\t\t\t<\/div>\n\t\t<div class=\"vrc-car-result-right\">\n\t\t\t<div class=\"vrc-car-result-rightinner\">\n\t\t\t\t<div class=\"vrc-car-result-rightinner-deep\">\n\t\t\t\t\t<div class=\"vrc-car-result-inner\">\n\t\t\t\t\t\t<h4 class=\"vrc-car-name\">\n\t\t\t\t\t\t\t<a href=\"https:\/\/www.diasino-amorgos.gr\/fr\/voitures-diasino\/?option=com_vikrentcar&amp;view=cardetails&amp;carid=2\">Citro\u00ebn C1 Automatic<\/a>\n\t\t\t\t\t\t<\/h4>\n\t\t\t\t\t\t\t\t\t\t\t<div class=\"vrc-car-category\">Automatique<\/div>\n\t\t\t\t\t\t\t\t\t\t\t\t<div class=\"vrc-car-result-description\">\n\t\t\t\t\t\tLa Citro\u00ebn C1 Automatique est une citadine compacte et \u00e9l\u00e9gante con\u00e7ue pour la vie urbaine. Avec sa petite taille et sa maniabilit\u00e9 l\u00e9g\u00e8re, c'est le v\u00e9hicule id\u00e9al pour se d\u00e9placer dans les rues anim\u00e9es et les places de stationnement \u00e9troites. La transmission automatique assure une conduite sans effort, ce qui en fait un choix id\u00e9al pour ceux qui veulent une exp\u00e9rience de conduite simple et sans tracas. Son design original et moderne ajoute une touche de personnalit\u00e9, tandis que son moteur efficace offre une excellente \u00e9conomie de carburant. La C1 allie praticit\u00e9 et plaisir, offrant une conduite confortable, des commandes simples et un prix abordable, ce qui en fait une excellente option pour les citadins et les conducteurs d\u00e9butants.\t\t\t\t\t\t<\/div>\n\t\t\t\t\t\t\t\t\t\t\t\t\t<div class=\"vrc-car-characteristics\">\n\t\t\t\t\t\t\t\t<div class=\"vrccaratsdiv\"><div class=\"vrccarcarat\"><span class=\"vrc-carat-cont\">AC<\/span>\n<\/div><div class=\"vrccarcarat\"><span class=\"vrc-carat-cont\">Radio<\/span>\n<\/div><div class=\"vrccarcarat\"><span class=\"vrc-carat-cont\">5 portes<\/span>\n<\/div><div class=\"vrccarcarat\"><span class=\"vrc-carat-cont\">Petrol<\/span>\n<\/div><div class=\"vrccarcarat\"><span class=\"vrc-carat-cont\">Kilom\u00e8tres Illimit\u00e9s<\/span>\n<\/div><div class=\"vrccarcarat\"><span class=\"vrc-carat-cont\">Jusqu'\u00e0 4 passagers<\/span>\n<\/div><\/div>\n\t\t\t\t\t\t\t<\/div>\n\t\t\t\t\t\t\t\t\t\t\t\t<\/div>\n\t\t\t\t\t<div class=\"vrc-car-lastblock\">\n\t\t\t\t\t\t<div class=\"vrc-car-price\">\n\t\t\t\t\t\t\t<div class=\"vrcsrowpricediv\">\n\t\t\t\t\t\t\t\t\t\t\t\t\t\t\t<span class=\"vrcstartfrom\">commence \u00e0<\/span>\n\t\t\t\t\t\t\t\t<span class=\"car_cost\"><span class=\"vrc_currency\">\u20ac<\/span> <span class=\"vrc_price\">40.00<\/span><\/span>\n\t\t\t\t\t\t\t\t\t\t\t\t\t\t<\/div>\n\t\t\t\t\t\t<\/div>\n\t\t\t\t\t\t<div class=\"vrc-car-bookingbtn\">\n\t\t\t\t\t\t\t<span class=\"vrclistgoon\"><a class=\"btn vrc-pref-color-btn\" href=\"https:\/\/www.diasino-amorgos.gr\/fr\/voitures-diasino\/?option=com_vikrentcar&amp;view=cardetails&amp;carid=2\">Voir les D\u00e9tails<\/a><\/span>\n\t\t\t\t\t\t<\/div>\n\t\t\t\t\t<\/div>\n\t\t\t\t<\/div>\n\t\t\t<\/div>\n\t\t<\/div>\n\t<\/div>\n\t\t<div class=\"car_result\">\n\t\t<div class=\"vrc-car-result-left\">\n\t\t\t\t\t<img decoding=\"async\" class=\"imgresult\" alt=\"Peugeot 208 Diesel\" src=\"https:\/\/www.diasino-amorgos.gr\/wp-content\/plugins\/vikrentcar\/admin\/resources\/peugeot_208_diesel1.png\"\/>\n\t\t\t\t\t<\/div>\n\t\t<div class=\"vrc-car-result-right\">\n\t\t\t<div class=\"vrc-car-result-rightinner\">\n\t\t\t\t<div class=\"vrc-car-result-rightinner-deep\">\n\t\t\t\t\t<div class=\"vrc-car-result-inner\">\n\t\t\t\t\t\t<h4 class=\"vrc-car-name\">\n\t\t\t\t\t\t\t<a href=\"https:\/\/www.diasino-amorgos.gr\/fr\/voitures-diasino\/?option=com_vikrentcar&amp;view=cardetails&amp;carid=3\">Peugeot 208 Diesel<\/a>\n\t\t\t\t\t\t<\/h4>\n\t\t\t\t\t\t\t\t\t\t\t<div class=\"vrc-car-category\">Cat\u00e9gorie B<\/div>\n\t\t\t\t\t\t\t\t\t\t\t\t<div class=\"vrc-car-result-description\">\n\t\t\t\t\t\tLa Peugeot 208 est une citadine \u00e9l\u00e9gante et dynamique qui allie performances sportives et design moderne. Avec sa taille compacte et sa maniabilit\u00e9 agile, elle est parfaite pour la conduite en ville comme pour les longs trajets, offrant une exp\u00e9rience de conduite amusante sans compromettre la praticit\u00e9. La 208 b\u00e9n\u00e9ficie d'un int\u00e9rieur raffin\u00e9 avec des mat\u00e9riaux de haute qualit\u00e9 et une technologie intuitive, garantissant confort et commodit\u00e9 au conducteur et aux passagers. Ses moteurs \u00e9conomes en carburant et ses fonctionnalit\u00e9s de s\u00e9curit\u00e9 avanc\u00e9es en font une option compl\u00e8te pour ceux qui recherchent une voiture fiable et respectueuse de l'environnement. Que ce soit pour circuler dans les rues urbaines ou sur la route, la Peugeot 208 allie sophistication, efficacit\u00e9 et une touche d'\u00e9l\u00e9gance.\t\t\t\t\t\t<\/div>\n\t\t\t\t\t\t\t\t\t\t\t\t\t<div class=\"vrc-car-characteristics\">\n\t\t\t\t\t\t\t\t<div class=\"vrccaratsdiv\"><div class=\"vrccarcarat\"><span class=\"vrc-carat-cont\">AC<\/span>\n<\/div><div class=\"vrccarcarat\"><span class=\"vrc-carat-cont\">Radio<\/span>\n<\/div><div class=\"vrccarcarat\"><span class=\"vrc-carat-cont\">5 portes<\/span>\n<\/div><div class=\"vrccarcarat\"><span class=\"vrc-carat-cont\">Manual<\/span>\n<\/div><div class=\"vrccarcarat\"><span class=\"vrc-carat-cont\">Diesel<\/span>\n<\/div><div class=\"vrccarcarat\"><span class=\"vrc-carat-cont\">Kilom\u00e8tres Illimit\u00e9s<\/span>\n<\/div><div class=\"vrccarcarat\"><span class=\"vrc-carat-cont\">Jusqu'\u00e0 4 passagers<\/span>\n<\/div><\/div>\n\t\t\t\t\t\t\t<\/div>\n\t\t\t\t\t\t\t\t\t\t\t\t<\/div>\n\t\t\t\t\t<div class=\"vrc-car-lastblock\">\n\t\t\t\t\t\t<div class=\"vrc-car-price\">\n\t\t\t\t\t\t\t<div class=\"vrcsrowpricediv\">\n\t\t\t\t\t\t\t\t\t\t\t\t\t\t\t<span class=\"vrcstartfrom\">commence \u00e0<\/span>\n\t\t\t\t\t\t\t\t<span class=\"car_cost\"><span class=\"vrc_currency\">\u20ac<\/span> <span class=\"vrc_price\">40.00<\/span><\/span>\n\t\t\t\t\t\t\t\t\t\t\t\t\t\t<\/div>\n\t\t\t\t\t\t<\/div>\n\t\t\t\t\t\t<div class=\"vrc-car-bookingbtn\">\n\t\t\t\t\t\t\t<span class=\"vrclistgoon\"><a class=\"btn vrc-pref-color-btn\" href=\"https:\/\/www.diasino-amorgos.gr\/fr\/voitures-diasino\/?option=com_vikrentcar&amp;view=cardetails&amp;carid=3\">Voir les D\u00e9tails<\/a><\/span>\n\t\t\t\t\t\t<\/div>\n\t\t\t\t\t<\/div>\n\t\t\t\t<\/div>\n\t\t\t<\/div>\n\t\t<\/div>\n\t<\/div>\n\t\t<div class=\"car_result\">\n\t\t<div class=\"vrc-car-result-left\">\n\t\t\t\t\t<img decoding=\"async\" class=\"imgresult\" alt=\"Peugeot 108 with open roof\" src=\"https:\/\/www.diasino-amorgos.gr\/wp-content\/plugins\/vikrentcar\/admin\/resources\/peugeot_108_with_open_roof.png\"\/>\n\t\t\t\t\t<\/div>\n\t\t<div class=\"vrc-car-result-right\">\n\t\t\t<div class=\"vrc-car-result-rightinner\">\n\t\t\t\t<div class=\"vrc-car-result-rightinner-deep\">\n\t\t\t\t\t<div class=\"vrc-car-result-inner\">\n\t\t\t\t\t\t<h4 class=\"vrc-car-name\">\n\t\t\t\t\t\t\t<a href=\"https:\/\/www.diasino-amorgos.gr\/fr\/voitures-diasino\/?option=com_vikrentcar&amp;view=cardetails&amp;carid=5\">Peugeot 108 with open roof<\/a>\n\t\t\t\t\t\t<\/h4>\n\t\t\t\t\t\t\t\t\t\t\t<div class=\"vrc-car-category\">Cat\u00e9gorie A<\/div>\n\t\t\t\t\t\t\t\t\t\t\t\t<div class=\"vrc-car-result-description\">\n\t\t\t\t\t\tLa Peugeot 108 \u00e0 toit ouvrant est le choix id\u00e9al pour ceux qui recherchent une touche de libert\u00e9 et de plaisir dans leur conduite en ville. Cette citadine \u00e9l\u00e9gante et compacte est dot\u00e9e d'un toit en tissu convertible qui peut \u00eatre r\u00e9tract\u00e9 pour laisser entrer le soleil et l'air frais, offrant une v\u00e9ritable sensation de conduite \u00e0 ciel ouvert. Avec son design chic, son encombrement compact et sa maniabilit\u00e9 agile, la 108 est id\u00e9ale pour se d\u00e9placer dans les rues \u00e9troites de la ville, tandis que le toit ouvert ajoute un \u00e9l\u00e9ment ludique et insouciant \u00e0 l'exp\u00e9rience de conduite. \u00c0 l'int\u00e9rieur, la 108 est \u00e9tonnamment spacieuse pour sa taille, avec une technologie moderne et un int\u00e9rieur confortable. Que vous rouliez dans les rues de la ville ou que vous profitiez d'une promenade pittoresque avec le toit baiss\u00e9, la Peugeot 108 offre un m\u00e9lange unique de style, de praticit\u00e9 et de plaisir en plein air.\t\t\t\t\t\t<\/div>\n\t\t\t\t\t\t\t\t\t\t\t\t\t<div class=\"vrc-car-characteristics\">\n\t\t\t\t\t\t\t\t<div class=\"vrccaratsdiv\"><div class=\"vrccarcarat\"><span class=\"vrc-carat-cont\">AC<\/span>\n<\/div><div class=\"vrccarcarat\"><span class=\"vrc-carat-cont\">Radio<\/span>\n<\/div><div class=\"vrccarcarat\"><span class=\"vrc-carat-cont\">5 portes<\/span>\n<\/div><div class=\"vrccarcarat\"><span class=\"vrc-carat-cont\">Manual<\/span>\n<\/div><div class=\"vrccarcarat\"><span class=\"vrc-carat-cont\">Petrol<\/span>\n<\/div><div class=\"vrccarcarat\"><span class=\"vrc-carat-cont\">Kilom\u00e8tres Illimit\u00e9s<\/span>\n<\/div><div class=\"vrccarcarat\"><span class=\"vrc-carat-cont\">Jusqu'\u00e0 4 passagers<\/span>\n<\/div><\/div>\n\t\t\t\t\t\t\t<\/div>\n\t\t\t\t\t\t\t\t\t\t\t\t<\/div>\n\t\t\t\t\t<div class=\"vrc-car-lastblock\">\n\t\t\t\t\t\t<div class=\"vrc-car-price\">\n\t\t\t\t\t\t\t<div class=\"vrcsrowpricediv\">\n\t\t\t\t\t\t\t\t\t\t\t\t\t\t\t<span class=\"vrcstartfrom\">commence \u00e0<\/span>\n\t\t\t\t\t\t\t\t<span class=\"car_cost\"><span class=\"vrc_currency\">\u20ac<\/span> <span class=\"vrc_price\">40.00<\/span><\/span>\n\t\t\t\t\t\t\t\t\t\t\t\t\t\t<\/div>\n\t\t\t\t\t\t<\/div>\n\t\t\t\t\t\t<div class=\"vrc-car-bookingbtn\">\n\t\t\t\t\t\t\t<span class=\"vrclistgoon\"><a class=\"btn vrc-pref-color-btn\" href=\"https:\/\/www.diasino-amorgos.gr\/fr\/voitures-diasino\/?option=com_vikrentcar&amp;view=cardetails&amp;carid=5\">Voir les D\u00e9tails<\/a><\/span>\n\t\t\t\t\t\t<\/div>\n\t\t\t\t\t<\/div>\n\t\t\t\t<\/div>\n\t\t\t<\/div>\n\t\t<\/div>\n\t<\/div>\n\t<\/div>\n\n<script type=\"text\/javascript\">\njQuery(function() {\n\tif (jQuery('.car_result').length) {\n\t\tjQuery('.car_result').each(function() {\n\t\t\tvar car_img = jQuery(this).find('.vrc-car-result-left').find('img');\n\t\t\tif (car_img.length) {\n\t\t\t\tjQuery(this).find('.vrc-car-result-right').find('.vrc-car-result-rightinner').find('.vrc-car-result-rightinner-deep').find('.vrc-car-result-inner').css('min-height', car_img.height()+'px');\n\t\t\t}\n\t\t});\n\t};\n});\n<\/script>\n\n<\/div>\n\n","protected":false},"excerpt":{"rendered":"","protected":false},"author":1,"featured_media":0,"parent":0,"menu_order":0,"comment_status":"closed","ping_status":"closed","template":"templates\/template-fullwidth-boxed.php","meta":{"inline_featured_image":false,"_exactmetrics_skip_tracking":false,"_exactmetrics_sitenote_active":false,"_exactmetrics_sitenote_note":"","_exactmetrics_sitenote_category":0,"_joinchat":[],"footnotes":""},"class_list":["post-2814","page","type-page","status-publish","hentry"],"yoast_head":"<!-- This site is optimized with the Yoast SEO plugin v27.5 - https:\/\/yoast.com\/product\/yoast-seo-wordpress\/ -->\n<title>voitures diasino - Diasino Studios &amp; Houses<\/title>\n<meta name=\"robots\" content=\"index, follow, max-snippet:-1, max-image-preview:large, max-video-preview:-1\" \/>\n<link rel=\"canonical\" href=\"https:\/\/www.diasino-amorgos.gr\/fr\/voitures-diasino\/\" \/>\n<meta property=\"og:locale\" content=\"fr_FR\" \/>\n<meta property=\"og:type\" content=\"article\" \/>\n<meta property=\"og:title\" content=\"voitures diasino - Diasino Studios &amp; Houses\" \/>\n<meta property=\"og:url\" content=\"https:\/\/www.diasino-amorgos.gr\/fr\/voitures-diasino\/\" \/>\n<meta property=\"og:site_name\" content=\"Diasino Studios &amp; Houses\" \/>\n<meta property=\"article:modified_time\" content=\"2025-03-17T20:16:43+00:00\" \/>\n<meta name=\"twitter:card\" content=\"summary_large_image\" \/>\n<script type=\"application\/ld+json\" class=\"yoast-schema-graph\">{\"@context\":\"https:\\\/\\\/schema.org\",\"@graph\":[{\"@type\":\"WebPage\",\"@id\":\"https:\\\/\\\/www.diasino-amorgos.gr\\\/fr\\\/voitures-diasino\\\/\",\"url\":\"https:\\\/\\\/www.diasino-amorgos.gr\\\/fr\\\/voitures-diasino\\\/\",\"name\":\"voitures diasino - Diasino Studios &amp; Houses\",\"isPartOf\":{\"@id\":\"https:\\\/\\\/www.diasino-amorgos.gr\\\/fr\\\/#website\"},\"datePublished\":\"2024-12-07T09:59:06+00:00\",\"dateModified\":\"2025-03-17T20:16:43+00:00\",\"breadcrumb\":{\"@id\":\"https:\\\/\\\/www.diasino-amorgos.gr\\\/fr\\\/voitures-diasino\\\/#breadcrumb\"},\"inLanguage\":\"fr-FR\",\"potentialAction\":[{\"@type\":\"ReadAction\",\"target\":[\"https:\\\/\\\/www.diasino-amorgos.gr\\\/fr\\\/voitures-diasino\\\/\"]}]},{\"@type\":\"BreadcrumbList\",\"@id\":\"https:\\\/\\\/www.diasino-amorgos.gr\\\/fr\\\/voitures-diasino\\\/#breadcrumb\",\"itemListElement\":[{\"@type\":\"ListItem\",\"position\":1,\"name\":\"Home\",\"item\":\"https:\\\/\\\/www.diasino-amorgos.gr\\\/fr\\\/\"},{\"@type\":\"ListItem\",\"position\":2,\"name\":\"voitures diasino\"}]},{\"@type\":\"WebSite\",\"@id\":\"https:\\\/\\\/www.diasino-amorgos.gr\\\/fr\\\/#website\",\"url\":\"https:\\\/\\\/www.diasino-amorgos.gr\\\/fr\\\/\",\"name\":\"Diasino Studios &amp; Houses\",\"description\":\"In Amorgos\",\"publisher\":{\"@id\":\"https:\\\/\\\/www.diasino-amorgos.gr\\\/fr\\\/#organization\"},\"potentialAction\":[{\"@type\":\"SearchAction\",\"target\":{\"@type\":\"EntryPoint\",\"urlTemplate\":\"https:\\\/\\\/www.diasino-amorgos.gr\\\/fr\\\/?s={search_term_string}\"},\"query-input\":{\"@type\":\"PropertyValueSpecification\",\"valueRequired\":true,\"valueName\":\"search_term_string\"}}],\"inLanguage\":\"fr-FR\"},{\"@type\":\"Organization\",\"@id\":\"https:\\\/\\\/www.diasino-amorgos.gr\\\/fr\\\/#organization\",\"name\":\"Diasino Studios &amp; Houses\",\"url\":\"https:\\\/\\\/www.diasino-amorgos.gr\\\/fr\\\/\",\"logo\":{\"@type\":\"ImageObject\",\"inLanguage\":\"fr-FR\",\"@id\":\"https:\\\/\\\/www.diasino-amorgos.gr\\\/fr\\\/#\\\/schema\\\/logo\\\/image\\\/\",\"url\":\"https:\\\/\\\/www.diasino-amorgos.gr\\\/wp-content\\\/uploads\\\/2024\\\/11\\\/cropped-logo-test1.png\",\"contentUrl\":\"https:\\\/\\\/www.diasino-amorgos.gr\\\/wp-content\\\/uploads\\\/2024\\\/11\\\/cropped-logo-test1.png\",\"width\":498,\"height\":221,\"caption\":\"Diasino Studios &amp; Houses\"},\"image\":{\"@id\":\"https:\\\/\\\/www.diasino-amorgos.gr\\\/fr\\\/#\\\/schema\\\/logo\\\/image\\\/\"}}]}<\/script>\n<!-- \/ Yoast SEO plugin. -->","yoast_head_json":{"title":"voitures diasino - Diasino Studios &amp; Houses","robots":{"index":"index","follow":"follow","max-snippet":"max-snippet:-1","max-image-preview":"max-image-preview:large","max-video-preview":"max-video-preview:-1"},"canonical":"https:\/\/www.diasino-amorgos.gr\/fr\/voitures-diasino\/","og_locale":"fr_FR","og_type":"article","og_title":"voitures diasino - Diasino Studios &amp; Houses","og_url":"https:\/\/www.diasino-amorgos.gr\/fr\/voitures-diasino\/","og_site_name":"Diasino Studios &amp; Houses","article_modified_time":"2025-03-17T20:16:43+00:00","twitter_card":"summary_large_image","schema":{"@context":"https:\/\/schema.org","@graph":[{"@type":"WebPage","@id":"https:\/\/www.diasino-amorgos.gr\/fr\/voitures-diasino\/","url":"https:\/\/www.diasino-amorgos.gr\/fr\/voitures-diasino\/","name":"voitures diasino - Diasino Studios &amp; Houses","isPartOf":{"@id":"https:\/\/www.diasino-amorgos.gr\/fr\/#website"},"datePublished":"2024-12-07T09:59:06+00:00","dateModified":"2025-03-17T20:16:43+00:00","breadcrumb":{"@id":"https:\/\/www.diasino-amorgos.gr\/fr\/voitures-diasino\/#breadcrumb"},"inLanguage":"fr-FR","potentialAction":[{"@type":"ReadAction","target":["https:\/\/www.diasino-amorgos.gr\/fr\/voitures-diasino\/"]}]},{"@type":"BreadcrumbList","@id":"https:\/\/www.diasino-amorgos.gr\/fr\/voitures-diasino\/#breadcrumb","itemListElement":[{"@type":"ListItem","position":1,"name":"Home","item":"https:\/\/www.diasino-amorgos.gr\/fr\/"},{"@type":"ListItem","position":2,"name":"voitures diasino"}]},{"@type":"WebSite","@id":"https:\/\/www.diasino-amorgos.gr\/fr\/#website","url":"https:\/\/www.diasino-amorgos.gr\/fr\/","name":"Diasino Studios &amp; Houses","description":"In Amorgos","publisher":{"@id":"https:\/\/www.diasino-amorgos.gr\/fr\/#organization"},"potentialAction":[{"@type":"SearchAction","target":{"@type":"EntryPoint","urlTemplate":"https:\/\/www.diasino-amorgos.gr\/fr\/?s={search_term_string}"},"query-input":{"@type":"PropertyValueSpecification","valueRequired":true,"valueName":"search_term_string"}}],"inLanguage":"fr-FR"},{"@type":"Organization","@id":"https:\/\/www.diasino-amorgos.gr\/fr\/#organization","name":"Diasino Studios &amp; Houses","url":"https:\/\/www.diasino-amorgos.gr\/fr\/","logo":{"@type":"ImageObject","inLanguage":"fr-FR","@id":"https:\/\/www.diasino-amorgos.gr\/fr\/#\/schema\/logo\/image\/","url":"https:\/\/www.diasino-amorgos.gr\/wp-content\/uploads\/2024\/11\/cropped-logo-test1.png","contentUrl":"https:\/\/www.diasino-amorgos.gr\/wp-content\/uploads\/2024\/11\/cropped-logo-test1.png","width":498,"height":221,"caption":"Diasino Studios &amp; Houses"},"image":{"@id":"https:\/\/www.diasino-amorgos.gr\/fr\/#\/schema\/logo\/image\/"}}]}},"_links":{"self":[{"href":"https:\/\/www.diasino-amorgos.gr\/fr\/wp-json\/wp\/v2\/pages\/2814","targetHints":{"allow":["GET"]}}],"collection":[{"href":"https:\/\/www.diasino-amorgos.gr\/fr\/wp-json\/wp\/v2\/pages"}],"about":[{"href":"https:\/\/www.diasino-amorgos.gr\/fr\/wp-json\/wp\/v2\/types\/page"}],"author":[{"embeddable":true,"href":"https:\/\/www.diasino-amorgos.gr\/fr\/wp-json\/wp\/v2\/users\/1"}],"replies":[{"embeddable":true,"href":"https:\/\/www.diasino-amorgos.gr\/fr\/wp-json\/wp\/v2\/comments?post=2814"}],"version-history":[{"count":1,"href":"https:\/\/www.diasino-amorgos.gr\/fr\/wp-json\/wp\/v2\/pages\/2814\/revisions"}],"predecessor-version":[{"id":2865,"href":"https:\/\/www.diasino-amorgos.gr\/fr\/wp-json\/wp\/v2\/pages\/2814\/revisions\/2865"}],"wp:attachment":[{"href":"https:\/\/www.diasino-amorgos.gr\/fr\/wp-json\/wp\/v2\/media?parent=2814"}],"curies":[{"name":"wp","href":"https:\/\/api.w.org\/{rel}","templated":true}]}}