{"id":2606,"date":"2022-02-01T12:42:09","date_gmt":"2022-02-01T12:42:09","guid":{"rendered":"https:\/\/www.diasino-amorgos.gr\/destination\/"},"modified":"2025-01-14T19:59:36","modified_gmt":"2025-01-14T19:59:36","slug":"destination","status":"publish","type":"page","link":"https:\/\/www.diasino-amorgos.gr\/fr\/destination\/","title":{"rendered":"Destination"},"content":{"rendered":"\n<div id=\"block-deb37e-4f5e-4a\" class=\"wp-block-gutenbee-image block-deb37e-4f5e-4a\"><style>.wp-block-gutenbee-image.block-deb37e-4f5e-4a img { width: 30px; }<\/style><figure class=\"aligncenter\"><img loading=\"lazy\" decoding=\"async\" width=\"60\" height=\"75\" src=\"http:\/\/www.diasino-amorgos.gr\/wp-content\/uploads\/2024\/11\/logo-small-e1-1.png\" alt=\"\" class=\"wp-image-997\"\/><\/figure><\/div>\n\n\n\n<p>Amorgos est l&#8217;\u00eele la plus orientale du groupe d&#8217;\u00eeles des Cyclades et l&#8217;\u00eele la plus proche du groupe d&#8217;\u00eeles voisin du Dod\u00e9can\u00e8se en Gr\u00e8ce.<\/p>\n\n\n\n<div id=\"block-0e554d-4e45-4a\" class=\"wp-block-gutenbee-container block-0e554d-4e45-4a\"><div class=\"wp-block-gutenbee-container-inner\"><div class=\"wp-block-gutenbee-container-row wp-block-gutenbee-container-lg\">\n<div class=\"wp-block-gutenbee-column block-39756a-fbf3-46\"><style>.wp-block-gutenbee-column.block-39756a-fbf3-46 > .wp-block-gutenbee-column-content { justify-content: center; }\n.wp-block-gutenbee-column.block-39756a-fbf3-46 { flex-basis: 50%; }\n\n\n      @media (max-width: 991px) {\n        .wp-block-gutenbee-column.block-39756a-fbf3-46 { flex-basis: 100%; }\n      }\n    \n\n      @media (max-width: 575px) {\n        .wp-block-gutenbee-column.block-39756a-fbf3-46 { flex-basis: 100%; }\n      }<\/style><div class=\"wp-block-gutenbee-column-content\">\n<h3 id=\"block-5d52ef-6e2b-4d\" class=\"wp-block-gutenbee-heading block-5d52ef-6e2b-4d\">Comment venir<\/h3>\n\n\n\n<p id=\"block-e1dca3-6aeb-48\" class=\"wp-block-gutenbee-paragraph block-e1dca3-6aeb-48\"><br>Pour vous rendre \u00e0 Amorgos, vous devrez prendre le ferry car l&#8217;\u00eele n&#8217;a pas d&#8217;a\u00e9roport.<br>Amorgos a deux ports : Le port principal est Katapola et le port secondaire est Aegiali.<br>Vous pouvez voyager depuis le Pir\u00e9e avec la compagnie Blue Star Ferries ou depuis Santorin, Mykonos, Paros et Naxos avec la compagnie Seajet.<br>Si vous vous trouvez dans le petit complexe des Petites Cyclades (Iraklia, Schinoussa, Donoussa, Koufonissi), vous pouvez voyager avec le l\u00e9gendaire Express Skopelitis qui fait des trajets quotidiens vers et depuis ces petites \u00eeles ainsi que Naxos.<br><\/p><style>.wp-block-gutenbee-paragraph.block-e1dca3-6aeb-48 { padding-right: 50px; text-align: left; }\n\n\n      @media (max-width: 991px) {\n        .wp-block-gutenbee-paragraph.block-e1dca3-6aeb-48 { padding-right: 0px;  padding-left: 0px; }\n      }<\/style>\n<\/div><\/div>\n\n\n\n<div class=\"wp-block-gutenbee-column block-bc6571-28a8-41\"><style>.wp-block-gutenbee-column.block-bc6571-28a8-41 { flex-basis: 50%; }\n\n\n      @media (max-width: 991px) {\n        .wp-block-gutenbee-column.block-bc6571-28a8-41 { flex-basis: 100%; }\n      }\n    \n\n      @media (max-width: 575px) {\n        .wp-block-gutenbee-column.block-bc6571-28a8-41 { flex-basis: 100%; }\n      }<\/style><div class=\"wp-block-gutenbee-column-content\">\n<figure id=\"block-091d70-29ae-4a\" class=\"wp-block-gutenbee-image block-091d70-29ae-4a size-full is-style-ignition-zermatt-border-image\"><a href=\"http:\/\/www.diasino-amorgos.gr\/wp-content\/uploads\/2024\/11\/blue-star.jpg\" data-lightbox=\"gal[2606]\"><img loading=\"lazy\" decoding=\"async\" width=\"699\" height=\"964\" src=\"http:\/\/www.diasino-amorgos.gr\/wp-content\/uploads\/2024\/11\/blue-star.jpg\" alt=\"\" class=\"wp-image-987\" srcset=\"https:\/\/www.diasino-amorgos.gr\/wp-content\/uploads\/2024\/11\/blue-star.jpg 699w, https:\/\/www.diasino-amorgos.gr\/wp-content\/uploads\/2024\/11\/blue-star-218x300.jpg 218w\" sizes=\"auto, (max-width: 699px) 100vw, 699px\" \/><\/a><\/figure>\n<\/div><\/div>\n<\/div><\/div><div class=\"wp-block-gutenbee-container-background\" data-parallax-speed=\"0.3\"><\/div><\/div>\n\n\n\n<div id=\"block-e48835-74fd-45\" class=\"wp-block-gutenbee-container block-e48835-74fd-45\"><div class=\"wp-block-gutenbee-container-inner\"><div class=\"wp-block-gutenbee-container-row wp-block-gutenbee-container-lg\">\n<div class=\"wp-block-gutenbee-column block-a6ede9-349f-48\"><style>.wp-block-gutenbee-column.block-a6ede9-349f-48 { flex-basis: 50%; }\n\n\n      @media (max-width: 991px) {\n        .wp-block-gutenbee-column.block-a6ede9-349f-48 { flex-basis: 100%; }\n      }\n    \n\n      @media (max-width: 575px) {\n        .wp-block-gutenbee-column.block-a6ede9-349f-48 { flex-basis: 100%; }\n      }<\/style><div class=\"wp-block-gutenbee-column-content\">\n<h2 class=\"wp-block-heading\">M\u00e9t\u00e9o \u00e0 Amorgos<\/h2>\n\n\n\n<p>Le temps \u00e0 Amorgos est ensoleill\u00e9 et venteux la plupart des jours de l&#8217;ann\u00e9e.<br>Au printemps et \u00e0 l&#8217;automne, les conditions sont g\u00e9n\u00e9ralement excellentes, avec des vents l\u00e9gers et des nuits douces, mais aussi une humidit\u00e9 intense.<br>C&#8217;est le meilleur moment pour d\u00e9couvrir la beaut\u00e9 de l&#8217;\u00eele \u00e0 travers ses sentiers.<br>Pendant les mois d&#8217;\u00e9t\u00e9, les vents du nord et du nord-ouest &#8211; la fameuse meltemia &#8211; dominent et rafra\u00eechissent l&#8217;atmosph\u00e8re, mais ils sont souvent assez violents, surtout pendant la journ\u00e9e.<br>La nuit, leur intensit\u00e9 diminue.<br>La meltemia est la raison pour laquelle il y a rarement des vagues de chaleur dans la mer \u00c9g\u00e9e.<br>En \u00e9t\u00e9, les temp\u00e9ratures les plus \u00e9lev\u00e9es peuvent atteindre 33-35\u02daC et les plus basses 20-22\u02daC.<br>En hiver, le temps reste ensoleill\u00e9 avec de courtes p\u00e9riodes de pluie et des vents forts du sud et du nord.<br>En hiver, les temp\u00e9ratures les plus \u00e9lev\u00e9es peuvent atteindre 18-20\u02daC et les plus basses 5-7\u02daC.<\/p>\n<\/div><\/div>\n\n\n\n<div class=\"wp-block-gutenbee-column block-ba5013-aca6-4b\"><style>.wp-block-gutenbee-column.block-ba5013-aca6-4b { flex-basis: 50%; }\n\n\n      @media (max-width: 991px) {\n        .wp-block-gutenbee-column.block-ba5013-aca6-4b { flex-basis: 100%; }\n      }\n    \n\n      @media (max-width: 575px) {\n        .wp-block-gutenbee-column.block-ba5013-aca6-4b { flex-basis: 100%; }\n      }<\/style><div class=\"wp-block-gutenbee-column-content\">\n<figure id=\"block-6dbaf9-e465-4f\" class=\"wp-block-gutenbee-image block-6dbaf9-e465-4f size-full\"><a href=\"http:\/\/www.diasino-amorgos.gr\/wp-content\/uploads\/2024\/11\/chora.jpg\" data-lightbox=\"gal[2606]\"><img loading=\"lazy\" decoding=\"async\" width=\"1920\" height=\"2560\" src=\"http:\/\/www.diasino-amorgos.gr\/wp-content\/uploads\/2024\/11\/chora.jpg\" alt=\"\" class=\"wp-image-996\" srcset=\"https:\/\/www.diasino-amorgos.gr\/wp-content\/uploads\/2024\/11\/chora.jpg 1920w, https:\/\/www.diasino-amorgos.gr\/wp-content\/uploads\/2024\/11\/chora-225x300.jpg 225w, https:\/\/www.diasino-amorgos.gr\/wp-content\/uploads\/2024\/11\/chora-768x1024.jpg 768w, https:\/\/www.diasino-amorgos.gr\/wp-content\/uploads\/2024\/11\/chora-1152x1536.jpg 1152w, https:\/\/www.diasino-amorgos.gr\/wp-content\/uploads\/2024\/11\/chora-1536x2048.jpg 1536w\" sizes=\"auto, (max-width: 1920px) 100vw, 1920px\" \/><\/a><figcaption>Chora in Spring<\/figcaption><\/figure>\n<\/div><\/div>\n<\/div><\/div><div class=\"wp-block-gutenbee-container-background\" data-parallax-speed=\"0.3\"><\/div><\/div>\n\n\n\n<div id=\"block-a6c0f3-f3bf-4e\" class=\"wp-block-gutenbee-divider block-a6c0f3-f3bf-4e align-center\" style=\"height:10px\"><style>.wp-block-gutenbee-divider.block-a6c0f3-f3bf-4e { margin-top: 60px;  margin-bottom: 60px; }<\/style><div class=\"wp-block-gutenbee-divider-inner\" style=\"border-top-style:double;border-top-width:3px;border-top-color:#d6cc17;width:15%\"><\/div><\/div>\n\n\n\n<h2 id=\"block-47eb2e-de80-46\" class=\"wp-block-gutenbee-heading block-47eb2e-de80-46 is-style-ignition-zermatt-heading\">Num\u00e9ros de t\u00e9l\u00e9phone utiles :<\/h2>\n\n\n\n<p id=\"block-27abfe-b93f-4b\" class=\"wp-block-gutenbee-paragraph block-27abfe-b93f-4b\"><br>Centre m\u00e9dical de Chora : +30 22850 71207<br>Cabinet m\u00e9dical d&#8217;Aegiali : +30 22850 73222<br>Pharmacie Aegiali : +30 22850 73173<br>Pharmacie Chora : +30 22850 74166<br>Pharmacie Katapola : +30 2285071343<br><\/p><style>.wp-block-gutenbee-paragraph.block-27abfe-b93f-4b { padding-right: 100px;  padding-left: 100px; text-align: center; }\n\n\n      @media (max-width: 991px) {\n        .wp-block-gutenbee-paragraph.block-27abfe-b93f-4b { padding-right: 0px;  padding-left: 0px; }\n      }\n    \n\n      @media (max-width: 575px) {\n        .wp-block-gutenbee-paragraph.block-27abfe-b93f-4b { font-size: 13px; }\n      }<\/style>\n\n\n\n<p id=\"block-dfa202-420b-4b\" class=\"wp-block-gutenbee-paragraph block-dfa202-420b-4b\">Taxi :<br>Vangelis Spanos : +30 6932 103077<br>Michalis Liviakis : +30 6937 883838<br>Giannis Kapeles : +30 6973 988702<br>Nikitas Giannakos : +30 6932 000455<br><\/p><style>.wp-block-gutenbee-paragraph.block-dfa202-420b-4b { padding-right: 100px;  padding-left: 100px; text-align: center; }\n\n\n      @media (max-width: 991px) {\n        .wp-block-gutenbee-paragraph.block-dfa202-420b-4b { padding-right: 0px;  padding-left: 0px; }\n      }\n    \n\n      @media (max-width: 575px) {\n        .wp-block-gutenbee-paragraph.block-dfa202-420b-4b { font-size: 13px; }\n      }<\/style>\n\n\n\n<p id=\"block-b2aa97-dd8e-48\" class=\"wp-block-gutenbee-paragraph block-b2aa97-dd8e-48\">Police portuaire : +30 22850 71259<br>Banque du Pir\u00e9e (Katapola) : +30 22850 71871<br>Agence de voyage &#8220;Naftilos&#8221; : +30 22850 73032 \/71201<br>Agence de voyage &#8220;Naftilia&#8221; : +30 22850 71256<br>Bureau de poste de Chora : +30 22850 71250<\/p><style>.wp-block-gutenbee-paragraph.block-b2aa97-dd8e-48 { padding-right: 100px;  padding-left: 100px; text-align: center; }\n\n\n      @media (max-width: 991px) {\n        .wp-block-gutenbee-paragraph.block-b2aa97-dd8e-48 { padding-right: 0px;  padding-left: 0px; }\n      }\n    \n\n      @media (max-width: 575px) {\n        .wp-block-gutenbee-paragraph.block-b2aa97-dd8e-48 { font-size: 13px; }\n      }<\/style>\n\n\n\n<div id=\"block-de9379-7aed-46\" class=\"wp-block-gutenbee-justified-gallery block-de9379-7aed-46 wp-block-gutenbee-gallery-columns gutenbee-columns-3 is-style-ignition-zermatt-border-image\" data-gallery-type=\"columns\" data-row-height=\"120\" data-margins=\"1\" data-last-row=\"nojustify\" data-randomize=\"false\"><div class=\"wp-block-gutenbee-gallery-content\"><div class=\"wp-block-gutenbee-gallery-item\"><img decoding=\"async\" src=\"http:\/\/www.diasino-amorgos.gr\/wp-content\/uploads\/2024\/11\/storage_emulated_0_DCIM_.convert_security_files_1731790085787.png\" alt=\"\" data-id=\"1003\" data-link=\"http:\/\/www.diasino-amorgos.gr\/destination\/_storage_emulated_0_dcim_-convert_security_files_1731790085787\/\" data-source-url=\"\" class=\"wp-block-gutenbee-gallery-item-image\"\/><\/div><div class=\"wp-block-gutenbee-gallery-item\"><img decoding=\"async\" src=\"http:\/\/www.diasino-amorgos.gr\/wp-content\/uploads\/2024\/11\/storage_emulated_0_DCIM_.convert_security_files_1731790085894.png\" alt=\"\" data-id=\"1004\" data-link=\"http:\/\/www.diasino-amorgos.gr\/destination\/_storage_emulated_0_dcim_-convert_security_files_1731790085894\/\" data-source-url=\"\" class=\"wp-block-gutenbee-gallery-item-image\"\/><\/div><div class=\"wp-block-gutenbee-gallery-item\"><img decoding=\"async\" src=\"http:\/\/www.diasino-amorgos.gr\/wp-content\/uploads\/2024\/11\/storage_emulated_0_DCIM_.convert_security_files_1731790085969.png\" alt=\"\" data-id=\"1002\" data-link=\"http:\/\/www.diasino-amorgos.gr\/destination\/_storage_emulated_0_dcim_-convert_security_files_1731790085969\/\" data-source-url=\"\" class=\"wp-block-gutenbee-gallery-item-image\"\/><\/div><\/div><\/div>\n\n\n\n<p id=\"block-c7d4ab-b3df-43\" class=\"wp-block-gutenbee-paragraph block-c7d4ab-b3df-43\"><\/p><style>.wp-block-gutenbee-paragraph.block-c7d4ab-b3df-43 { padding-right: 100px;  padding-left: 100px; text-align: center; }\n\n\n      @media (max-width: 991px) {\n        .wp-block-gutenbee-paragraph.block-c7d4ab-b3df-43 { padding-right: 0px;  padding-left: 0px; }\n      }<\/style>\n\n\n\n<div id=\"block-698779-1e3d-4e\" class=\"wp-block-gutenbee-image block-698779-1e3d-4e\"><style>.wp-block-gutenbee-image.block-698779-1e3d-4e img { width: 30px; }<\/style><figure class=\"aligncenter\"><img loading=\"lazy\" decoding=\"async\" width=\"60\" height=\"75\" src=\"http:\/\/www.diasino-amorgos.gr\/wp-content\/uploads\/2024\/11\/logo-small-e1-1.png\" alt=\"\" class=\"wp-image-997\"\/><\/figure><\/div>\n\n\n\n<h2 id=\"block-42aea2-77b3-4d\" class=\"wp-block-gutenbee-heading block-42aea2-77b3-4d\">R\u00e9servez directement aupr\u00e8s de nous<\/h2><style>.wp-block-gutenbee-heading.block-42aea2-77b3-4d { margin-bottom: 5px; text-align: center; }<\/style>\n\n\n\n<p id=\"block-6d6818-c40b-46\" class=\"wp-block-gutenbee-paragraph block-6d6818-c40b-46\">Garantie du prix le plus bas \/ D\u00e9p\u00f4t s\u00e9curis\u00e9 \/ Offres exclusives<\/p><style>.wp-block-gutenbee-paragraph.block-6d6818-c40b-46 { text-align: center; }<\/style>\n\n\n\n<div id=\"block-d0390c-699c-4f\" class=\"wp-block-gutenbee-buttons block-d0390c-699c-4f\"><style>.wp-block-gutenbee-buttons.block-d0390c-699c-4f { justify-content: center; }<\/style>\n<div id=\"block-8ae737-d5b0-45\" class=\"wp-block-gutenbee-button block-8ae737-d5b0-45\"><style>.wp-block-gutenbee-button.block-8ae737-d5b0-45 .gutenbee-block-button-link { padding: 16px 32px 16px 32px; font-size: 16px; }<\/style><a href=\"https:\/\/diasinostudios.reserve-online.net\/\" target=\"_blank\" rel=\"noopener\" class=\"gutenbee-block-button-link\">V\u00e9rifier la disponibilit\u00e9<\/a><\/div>\n<\/div>\n","protected":false},"excerpt":{"rendered":"<p>Amorgos<\/p>\n","protected":false},"author":1,"featured_media":0,"parent":0,"menu_order":0,"comment_status":"closed","ping_status":"closed","template":"templates\/template-fullwidth-boxed.php","meta":{"inline_featured_image":false,"_exactmetrics_skip_tracking":false,"_exactmetrics_sitenote_active":false,"_exactmetrics_sitenote_note":"","_exactmetrics_sitenote_category":0,"_joinchat":[],"footnotes":""},"class_list":["post-2606","page","type-page","status-publish","hentry"],"yoast_head":"<!-- This site is optimized with the Yoast SEO plugin v27.5 - https:\/\/yoast.com\/product\/yoast-seo-wordpress\/ -->\n<title>Destination - Diasino Studios &amp; Houses<\/title>\n<meta name=\"robots\" content=\"index, follow, max-snippet:-1, max-image-preview:large, max-video-preview:-1\" \/>\n<link rel=\"canonical\" href=\"https:\/\/www.diasino-amorgos.gr\/fr\/destination\/\" \/>\n<meta property=\"og:locale\" content=\"fr_FR\" \/>\n<meta property=\"og:type\" content=\"article\" \/>\n<meta property=\"og:title\" content=\"Destination - Diasino Studios &amp; Houses\" \/>\n<meta property=\"og:description\" content=\"Amorgos\" \/>\n<meta property=\"og:url\" content=\"https:\/\/www.diasino-amorgos.gr\/fr\/destination\/\" \/>\n<meta property=\"og:site_name\" content=\"Diasino Studios &amp; Houses\" \/>\n<meta property=\"article:modified_time\" content=\"2025-01-14T19:59:36+00:00\" \/>\n<meta property=\"og:image\" content=\"http:\/\/www.diasino-amorgos.gr\/wp-content\/uploads\/2024\/11\/logo-small-e1-1.png\" \/>\n<meta name=\"twitter:card\" content=\"summary_large_image\" \/>\n<meta name=\"twitter:label1\" content=\"Dur\u00e9e de lecture estim\u00e9e\" \/>\n\t<meta name=\"twitter:data1\" content=\"4 minutes\" \/>\n<script type=\"application\/ld+json\" class=\"yoast-schema-graph\">{\"@context\":\"https:\\\/\\\/schema.org\",\"@graph\":[{\"@type\":\"WebPage\",\"@id\":\"https:\\\/\\\/www.diasino-amorgos.gr\\\/fr\\\/destination\\\/\",\"url\":\"https:\\\/\\\/www.diasino-amorgos.gr\\\/fr\\\/destination\\\/\",\"name\":\"Destination - Diasino Studios &amp; Houses\",\"isPartOf\":{\"@id\":\"https:\\\/\\\/www.diasino-amorgos.gr\\\/fr\\\/#website\"},\"primaryImageOfPage\":{\"@id\":\"https:\\\/\\\/www.diasino-amorgos.gr\\\/fr\\\/destination\\\/#primaryimage\"},\"image\":{\"@id\":\"https:\\\/\\\/www.diasino-amorgos.gr\\\/fr\\\/destination\\\/#primaryimage\"},\"thumbnailUrl\":\"http:\\\/\\\/www.diasino-amorgos.gr\\\/wp-content\\\/uploads\\\/2024\\\/11\\\/logo-small-e1-1.png\",\"datePublished\":\"2022-02-01T12:42:09+00:00\",\"dateModified\":\"2025-01-14T19:59:36+00:00\",\"breadcrumb\":{\"@id\":\"https:\\\/\\\/www.diasino-amorgos.gr\\\/fr\\\/destination\\\/#breadcrumb\"},\"inLanguage\":\"fr-FR\",\"potentialAction\":[{\"@type\":\"ReadAction\",\"target\":[\"https:\\\/\\\/www.diasino-amorgos.gr\\\/fr\\\/destination\\\/\"]}]},{\"@type\":\"ImageObject\",\"inLanguage\":\"fr-FR\",\"@id\":\"https:\\\/\\\/www.diasino-amorgos.gr\\\/fr\\\/destination\\\/#primaryimage\",\"url\":\"http:\\\/\\\/www.diasino-amorgos.gr\\\/wp-content\\\/uploads\\\/2024\\\/11\\\/logo-small-e1-1.png\",\"contentUrl\":\"http:\\\/\\\/www.diasino-amorgos.gr\\\/wp-content\\\/uploads\\\/2024\\\/11\\\/logo-small-e1-1.png\"},{\"@type\":\"BreadcrumbList\",\"@id\":\"https:\\\/\\\/www.diasino-amorgos.gr\\\/fr\\\/destination\\\/#breadcrumb\",\"itemListElement\":[{\"@type\":\"ListItem\",\"position\":1,\"name\":\"Home\",\"item\":\"https:\\\/\\\/www.diasino-amorgos.gr\\\/fr\\\/\"},{\"@type\":\"ListItem\",\"position\":2,\"name\":\"Destination\"}]},{\"@type\":\"WebSite\",\"@id\":\"https:\\\/\\\/www.diasino-amorgos.gr\\\/fr\\\/#website\",\"url\":\"https:\\\/\\\/www.diasino-amorgos.gr\\\/fr\\\/\",\"name\":\"Diasino Studios &amp; Houses\",\"description\":\"In Amorgos\",\"publisher\":{\"@id\":\"https:\\\/\\\/www.diasino-amorgos.gr\\\/fr\\\/#organization\"},\"potentialAction\":[{\"@type\":\"SearchAction\",\"target\":{\"@type\":\"EntryPoint\",\"urlTemplate\":\"https:\\\/\\\/www.diasino-amorgos.gr\\\/fr\\\/?s={search_term_string}\"},\"query-input\":{\"@type\":\"PropertyValueSpecification\",\"valueRequired\":true,\"valueName\":\"search_term_string\"}}],\"inLanguage\":\"fr-FR\"},{\"@type\":\"Organization\",\"@id\":\"https:\\\/\\\/www.diasino-amorgos.gr\\\/fr\\\/#organization\",\"name\":\"Diasino Studios &amp; Houses\",\"url\":\"https:\\\/\\\/www.diasino-amorgos.gr\\\/fr\\\/\",\"logo\":{\"@type\":\"ImageObject\",\"inLanguage\":\"fr-FR\",\"@id\":\"https:\\\/\\\/www.diasino-amorgos.gr\\\/fr\\\/#\\\/schema\\\/logo\\\/image\\\/\",\"url\":\"https:\\\/\\\/www.diasino-amorgos.gr\\\/wp-content\\\/uploads\\\/2024\\\/11\\\/cropped-logo-test1.png\",\"contentUrl\":\"https:\\\/\\\/www.diasino-amorgos.gr\\\/wp-content\\\/uploads\\\/2024\\\/11\\\/cropped-logo-test1.png\",\"width\":498,\"height\":221,\"caption\":\"Diasino Studios &amp; Houses\"},\"image\":{\"@id\":\"https:\\\/\\\/www.diasino-amorgos.gr\\\/fr\\\/#\\\/schema\\\/logo\\\/image\\\/\"}}]}<\/script>\n<!-- \/ Yoast SEO plugin. -->","yoast_head_json":{"title":"Destination - Diasino Studios &amp; Houses","robots":{"index":"index","follow":"follow","max-snippet":"max-snippet:-1","max-image-preview":"max-image-preview:large","max-video-preview":"max-video-preview:-1"},"canonical":"https:\/\/www.diasino-amorgos.gr\/fr\/destination\/","og_locale":"fr_FR","og_type":"article","og_title":"Destination - Diasino Studios &amp; Houses","og_description":"Amorgos","og_url":"https:\/\/www.diasino-amorgos.gr\/fr\/destination\/","og_site_name":"Diasino Studios &amp; Houses","article_modified_time":"2025-01-14T19:59:36+00:00","og_image":[{"url":"http:\/\/www.diasino-amorgos.gr\/wp-content\/uploads\/2024\/11\/logo-small-e1-1.png","type":"","width":"","height":""}],"twitter_card":"summary_large_image","twitter_misc":{"Dur\u00e9e de lecture estim\u00e9e":"4 minutes"},"schema":{"@context":"https:\/\/schema.org","@graph":[{"@type":"WebPage","@id":"https:\/\/www.diasino-amorgos.gr\/fr\/destination\/","url":"https:\/\/www.diasino-amorgos.gr\/fr\/destination\/","name":"Destination - Diasino Studios &amp; Houses","isPartOf":{"@id":"https:\/\/www.diasino-amorgos.gr\/fr\/#website"},"primaryImageOfPage":{"@id":"https:\/\/www.diasino-amorgos.gr\/fr\/destination\/#primaryimage"},"image":{"@id":"https:\/\/www.diasino-amorgos.gr\/fr\/destination\/#primaryimage"},"thumbnailUrl":"http:\/\/www.diasino-amorgos.gr\/wp-content\/uploads\/2024\/11\/logo-small-e1-1.png","datePublished":"2022-02-01T12:42:09+00:00","dateModified":"2025-01-14T19:59:36+00:00","breadcrumb":{"@id":"https:\/\/www.diasino-amorgos.gr\/fr\/destination\/#breadcrumb"},"inLanguage":"fr-FR","potentialAction":[{"@type":"ReadAction","target":["https:\/\/www.diasino-amorgos.gr\/fr\/destination\/"]}]},{"@type":"ImageObject","inLanguage":"fr-FR","@id":"https:\/\/www.diasino-amorgos.gr\/fr\/destination\/#primaryimage","url":"http:\/\/www.diasino-amorgos.gr\/wp-content\/uploads\/2024\/11\/logo-small-e1-1.png","contentUrl":"http:\/\/www.diasino-amorgos.gr\/wp-content\/uploads\/2024\/11\/logo-small-e1-1.png"},{"@type":"BreadcrumbList","@id":"https:\/\/www.diasino-amorgos.gr\/fr\/destination\/#breadcrumb","itemListElement":[{"@type":"ListItem","position":1,"name":"Home","item":"https:\/\/www.diasino-amorgos.gr\/fr\/"},{"@type":"ListItem","position":2,"name":"Destination"}]},{"@type":"WebSite","@id":"https:\/\/www.diasino-amorgos.gr\/fr\/#website","url":"https:\/\/www.diasino-amorgos.gr\/fr\/","name":"Diasino Studios &amp; Houses","description":"In Amorgos","publisher":{"@id":"https:\/\/www.diasino-amorgos.gr\/fr\/#organization"},"potentialAction":[{"@type":"SearchAction","target":{"@type":"EntryPoint","urlTemplate":"https:\/\/www.diasino-amorgos.gr\/fr\/?s={search_term_string}"},"query-input":{"@type":"PropertyValueSpecification","valueRequired":true,"valueName":"search_term_string"}}],"inLanguage":"fr-FR"},{"@type":"Organization","@id":"https:\/\/www.diasino-amorgos.gr\/fr\/#organization","name":"Diasino Studios &amp; Houses","url":"https:\/\/www.diasino-amorgos.gr\/fr\/","logo":{"@type":"ImageObject","inLanguage":"fr-FR","@id":"https:\/\/www.diasino-amorgos.gr\/fr\/#\/schema\/logo\/image\/","url":"https:\/\/www.diasino-amorgos.gr\/wp-content\/uploads\/2024\/11\/cropped-logo-test1.png","contentUrl":"https:\/\/www.diasino-amorgos.gr\/wp-content\/uploads\/2024\/11\/cropped-logo-test1.png","width":498,"height":221,"caption":"Diasino Studios &amp; Houses"},"image":{"@id":"https:\/\/www.diasino-amorgos.gr\/fr\/#\/schema\/logo\/image\/"}}]}},"_links":{"self":[{"href":"https:\/\/www.diasino-amorgos.gr\/fr\/wp-json\/wp\/v2\/pages\/2606","targetHints":{"allow":["GET"]}}],"collection":[{"href":"https:\/\/www.diasino-amorgos.gr\/fr\/wp-json\/wp\/v2\/pages"}],"about":[{"href":"https:\/\/www.diasino-amorgos.gr\/fr\/wp-json\/wp\/v2\/types\/page"}],"author":[{"embeddable":true,"href":"https:\/\/www.diasino-amorgos.gr\/fr\/wp-json\/wp\/v2\/users\/1"}],"replies":[{"embeddable":true,"href":"https:\/\/www.diasino-amorgos.gr\/fr\/wp-json\/wp\/v2\/comments?post=2606"}],"version-history":[{"count":2,"href":"https:\/\/www.diasino-amorgos.gr\/fr\/wp-json\/wp\/v2\/pages\/2606\/revisions"}],"predecessor-version":[{"id":2744,"href":"https:\/\/www.diasino-amorgos.gr\/fr\/wp-json\/wp\/v2\/pages\/2606\/revisions\/2744"}],"wp:attachment":[{"href":"https:\/\/www.diasino-amorgos.gr\/fr\/wp-json\/wp\/v2\/media?parent=2606"}],"curies":[{"name":"wp","href":"https:\/\/api.w.org\/{rel}","templated":true}]}}