{"id":2592,"date":"2022-02-01T12:42:19","date_gmt":"2022-02-01T12:42:19","guid":{"rendered":"https:\/\/www.diasino-amorgos.gr\/localisation\/"},"modified":"2024-12-01T18:38:07","modified_gmt":"2024-12-01T18:38:07","slug":"localisation","status":"publish","type":"page","link":"https:\/\/www.diasino-amorgos.gr\/fr\/localisation\/","title":{"rendered":"Localisation"},"content":{"rendered":"\n<div id=\"block-f533f1-396d-4d\" class=\"wp-block-gutenbee-image block-f533f1-396d-4d\"><style>.wp-block-gutenbee-image.block-f533f1-396d-4d img { width: 50px; }<\/style><figure class=\"aligncenter\"><img loading=\"lazy\" decoding=\"async\" width=\"60\" height=\"75\" src=\"http:\/\/www.diasino-amorgos.gr\/wp-content\/uploads\/2024\/10\/logo-small-e1.png\" alt=\"\" class=\"wp-image-629\"\/><\/figure><\/div>\n\n<h2 id=\"block-996032-76ac-46\" class=\"wp-block-gutenbee-heading block-996032-76ac-46 is-style-ignition-zermatt-heading\">Studios Diasino \u00e0 Katapola<\/h2>\n\n<p id=\"block-bb25f9-d4ff-42\" class=\"wp-block-gutenbee-paragraph block-bb25f9-d4ff-42\">Diasino Studios est situ\u00e9 \u00e0 5 minutes \u00e0 pied du centre de Katapolos, \u00e0 5 kilom\u00e8tres de la capitale, \u00e0 6 kilom\u00e8tres du monast\u00e8re, \u00e0 7 kilom\u00e8tres de la c\u00e9l\u00e8bre plage de la grande bleue, Agia Anna.<br\/>Un parking public gratuit se trouve \u00e0 200 m\u00e8tres.<\/p><style>.wp-block-gutenbee-paragraph.block-bb25f9-d4ff-42 { padding-right: 100px;  padding-left: 100px; text-align: center; }\n\n\n      @media (max-width: 991px) {\n        .wp-block-gutenbee-paragraph.block-bb25f9-d4ff-42 { padding-right: 0px;  padding-left: 0px; }\n      }<\/style>\n<p id=\"block-cb2ab0-87bd-4d\" class=\"wp-block-gutenbee-paragraph block-cb2ab0-87bd-4d\"><\/p><style>.wp-block-gutenbee-paragraph.block-cb2ab0-87bd-4d { padding-right: 100px;  padding-left: 100px; text-align: center; }\n\n\n      @media (max-width: 991px) {\n        .wp-block-gutenbee-paragraph.block-cb2ab0-87bd-4d { padding-right: 0px;  padding-left: 0px; }\n      }<\/style><p><iframe src=\"https:\/\/www.google.com\/maps\/embed?pb=!1m18!1m12!1m3!1d2524.181054508465!2d25.8651756!3d36.8258996!2m3!1f0!2f0!3f0!3m2!1i1024!2i768!4f13.1!3m3!1m2!1s0x1497ee30183efa5b%3A0xb2c24e869f4cd32!2sDiasino%20Studios!5e1!3m2!1sel!2sgr!4v1730573842688!5m2!1sel!2sgr\" width=\"1152\" height=\"768\" style=\"border:0;\" allowfullscreen=\"\" loading=\"lazy\" referrerpolicy=\"no-referrer-when-downgrade\"><\/iframe><\/p>\n\n<div style=\"height:100px\" aria-hidden=\"true\" class=\"wp-block-spacer\"><\/div>\n\n<div id=\"block-e11ece-d635-4c\" class=\"wp-block-gutenbee-imagebox block-e11ece-d635-4c wp-block-gutenbee-imagebox-align-center\"><style>.wp-block-gutenbee-imagebox.block-e11ece-d635-4c .wp-block-gutenbee-imagebox-figure img { width: 50px; }<\/style><figure class=\"wp-block-gutenbee-imagebox-figure\"><img decoding=\"async\" src=\"http:\/\/www.diasino-amorgos.gr\/wp-content\/uploads\/2024\/10\/logo-small-e1.png\" alt=\"\"\/><\/figure><div class=\"wp-block-gutenbee-imagebox-content\"><\/div><\/div>\n\n<h2 id=\"block-f959b7-aae1-42\" class=\"wp-block-gutenbee-heading block-f959b7-aae1-42\">Maisons Diasino \u00e0 Vroutsi<\/h2><style>.wp-block-gutenbee-heading.block-f959b7-aae1-42 { text-align: center; }<\/style>\n<p id=\"block-3ee472-c93a-45\" class=\"wp-block-gutenbee-paragraph block-3ee472-c93a-45\">Les maisons ont des terrasses avec vue sur la mer, la baie de Katapola et la belle Chora d&#8217;Amorgos.<br\/>Elles sont situ\u00e9es \u00e0 proximit\u00e9 des plages de Mouro, Paradisia, Kalotaritissa, l&#8217;\u00e9pave et Gramvousa ainsi que de merveilleuses tavernes familiales traditionnelles.<br\/>Pour votre s\u00e9jour, vous aurez certainement besoin d&#8217;un moyen de transport, que nous pouvons vous fournir par l&#8217;interm\u00e9diaire de notre bureau Diasino Cars \u00e0 un prix tr\u00e8s avantageux.<\/p><style>.wp-block-gutenbee-paragraph.block-3ee472-c93a-45 { padding-right: 100px;  padding-left: 100px; text-align: center; }\n\n\n      @media (max-width: 991px) {\n        .wp-block-gutenbee-paragraph.block-3ee472-c93a-45 { padding-right: 0px;  padding-left: 0px; }\n      }<\/style><p><iframe src=\"https:\/\/www.google.com\/maps\/embed?pb=!1m18!1m12!1m3!1d12858.437855442131!2d25.818594853239844!3d36.80150552279546!2m3!1f0!2f0!3f0!3m2!1i1024!2i768!4f13.1!3m3!1m2!1s0x1497f3574428744b%3A0x5e08e1a08468a47e!2sDiasino%E2%80%99%20s%20House!5e1!3m2!1sel!2sgr!4v1730580986944!5m2!1sel!2sgr\" width=\"1152\" height=\"768\" style=\"border:0;\" allowfullscreen=\"\" loading=\"lazy\" referrerpolicy=\"no-referrer-when-downgrade\"><\/iframe><\/p>\n\n<div id=\"block-8ae3a1-c2f6-44\" class=\"wp-block-gutenbee-divider block-8ae3a1-c2f6-44 align-center\" style=\"height:10px\"><style>.wp-block-gutenbee-divider.block-8ae3a1-c2f6-44 { margin-top: 60px;  margin-bottom: 60px; }<\/style><div class=\"wp-block-gutenbee-divider-inner\" style=\"border-top-style:double;border-top-width:3px;border-top-color:#d6cc17;width:15%\"><\/div><\/div>\n\n<div id=\"block-0e554d-4e45-4a\" class=\"wp-block-gutenbee-container block-0e554d-4e45-4a\"><div class=\"wp-block-gutenbee-container-inner\"><div class=\"wp-block-gutenbee-container-row wp-block-gutenbee-container-lg\">\n<div class=\"wp-block-gutenbee-column block-39756a-fbf3-46\"><style>.wp-block-gutenbee-column.block-39756a-fbf3-46 > .wp-block-gutenbee-column-content { justify-content: center; }\n.wp-block-gutenbee-column.block-39756a-fbf3-46 { flex-basis: 50%; }\n\n\n      @media (max-width: 991px) {\n        .wp-block-gutenbee-column.block-39756a-fbf3-46 { flex-basis: 100%; }\n      }\n    \n\n      @media (max-width: 575px) {\n        .wp-block-gutenbee-column.block-39756a-fbf3-46 { flex-basis: 100%; }\n      }<\/style><div class=\"wp-block-gutenbee-column-content\">\n<h3 id=\"block-949368-b485-46\" class=\"wp-block-gutenbee-heading block-949368-b485-46\">Comment venir<\/h3>\n\n\n\n<p id=\"block-7c4adb-7a7b-41\" class=\"wp-block-gutenbee-paragraph block-7c4adb-7a7b-41\">Pour vous rendre \u00e0 Amorgos, vous devrez prendre le ferry car l&#8217;\u00eele n&#8217;a pas d&#8217;a\u00e9roport.<br\/>Amorgos a deux ports : Le port principal est Katapola et le port secondaire est Aegiali.<br\/>Vous pouvez voyager depuis le Pir\u00e9e avec la compagnie Blue Star Ferries ou depuis Santorin, Mykonos, Paros et Naxos avec la compagnie Seajet.<br\/>Si vous vous trouvez dans le petit complexe des Petites Cyclades (Iraklia, Schinoussa, Donoussa, Koufonissi), vous pouvez voyager avec le l\u00e9gendaire Express Skopelitis qui fait des trajets quotidiens vers et depuis ces petites \u00eeles ainsi que Naxos.<\/p><style>.wp-block-gutenbee-paragraph.block-7c4adb-7a7b-41 { padding-right: 50px; text-align: left; }\n\n\n      @media (max-width: 991px) {\n        .wp-block-gutenbee-paragraph.block-7c4adb-7a7b-41 { padding-right: 0px;  padding-left: 0px; }\n      }<\/style>\n\n\n<p id=\"block-d8b201-f9b8-47\" class=\"wp-block-gutenbee-paragraph block-d8b201-f9b8-47\">Pour en savoir plus<a href=\"http:\/\/ferryhopper.com\" target=\"_blank\" rel=\"noreferrer noopener\">, cliquez ici<\/a><\/p><style>.wp-block-gutenbee-paragraph.block-d8b201-f9b8-47 { padding-right: 50px; text-align: left; }\n\n\n      @media (max-width: 991px) {\n        .wp-block-gutenbee-paragraph.block-d8b201-f9b8-47 { padding-right: 0px;  padding-left: 0px; }\n      }<\/style><\/div><\/div>\n\n\n\n<div class=\"wp-block-gutenbee-column block-bc6571-28a8-41\"><style>.wp-block-gutenbee-column.block-bc6571-28a8-41 { flex-basis: 50%; }\n\n\n      @media (max-width: 991px) {\n        .wp-block-gutenbee-column.block-bc6571-28a8-41 { flex-basis: 100%; }\n      }\n    \n\n      @media (max-width: 575px) {\n        .wp-block-gutenbee-column.block-bc6571-28a8-41 { flex-basis: 100%; }\n      }<\/style><div class=\"wp-block-gutenbee-column-content\">\n<figure id=\"block-091d70-29ae-4a\" class=\"wp-block-gutenbee-image block-091d70-29ae-4a is-style-ignition-zermatt-border-image\"><img loading=\"lazy\" decoding=\"async\" width=\"699\" height=\"964\" src=\"http:\/\/www.diasino-amorgos.gr\/wp-content\/uploads\/2024\/11\/blue-star.jpg\" alt=\"\" class=\"wp-image-987\" srcset=\"https:\/\/www.diasino-amorgos.gr\/wp-content\/uploads\/2024\/11\/blue-star.jpg 699w, https:\/\/www.diasino-amorgos.gr\/wp-content\/uploads\/2024\/11\/blue-star-218x300.jpg 218w\" sizes=\"auto, (max-width: 699px) 100vw, 699px\" \/><figcaption>Blue Star Ferry in Katapola<\/figcaption><\/figure><\/div><\/div>\n<\/div><\/div><div class=\"wp-block-gutenbee-container-background\" data-parallax-speed=\"0.3\"><\/div><\/div>\n\n<div id=\"block-4bff48-8124-4e\" class=\"wp-block-gutenbee-image block-4bff48-8124-4e\"><style>.wp-block-gutenbee-image.block-4bff48-8124-4e img { width: 50px; }<\/style><figure class=\"aligncenter\"><img loading=\"lazy\" decoding=\"async\" width=\"60\" height=\"75\" src=\"http:\/\/www.diasino-amorgos.gr\/wp-content\/uploads\/2024\/10\/logo-small-e1.png\" alt=\"\" class=\"wp-image-629\"\/><\/figure><\/div>\n\n<div class=\"wp-block-group\"><div class=\"wp-block-group__inner-container is-layout-constrained wp-block-group-is-layout-constrained\">\n<h2 id=\"block-d3a341-235a-4c\" class=\"wp-block-gutenbee-heading block-d3a341-235a-4c\">R\u00e9servez directement aupr\u00e8s de nous<\/h2><style>.wp-block-gutenbee-heading.block-d3a341-235a-4c { margin-bottom: 5px; text-align: center; }<\/style>\n\n\n<p id=\"block-79c2de-d962-48\" class=\"wp-block-gutenbee-paragraph block-79c2de-d962-48\">Garantie du prix le plus bas \/ D\u00e9p\u00f4t s\u00e9curis\u00e9 \/ Offres exclusives<\/p><style>.wp-block-gutenbee-paragraph.block-79c2de-d962-48 { text-align: center; }<\/style>\n\n\n<div id=\"block-16f0c2-129e-48\" class=\"wp-block-gutenbee-buttons block-16f0c2-129e-48\"><style>.wp-block-gutenbee-buttons.block-16f0c2-129e-48 { justify-content: center; }<\/style>\n<div id=\"block-138433-a96c-43\" class=\"wp-block-gutenbee-button block-138433-a96c-43\"><style>.wp-block-gutenbee-button.block-138433-a96c-43 .gutenbee-block-button-link { padding: 16px 32px 16px 32px; font-size: 16px; }<\/style><a href=\"https:\/\/diasinostudios.reserve-online.net\/\" target=\"_blank\" rel=\"noopener\" class=\"gutenbee-block-button-link\">V\u00e9rifier la disponibilit\u00e9<\/a><\/div>\n<\/div>\n<\/div><\/div>\n","protected":false},"excerpt":{"rendered":"<p>Diasino Studios est situ\u00e9 \u00e0 5 minutes \u00e0 pied du centre de Katapolos, \u00e0 5 kilom\u00e8tres de la capitale, \u00e0 6 kilom\u00e8tres du monast\u00e8re, \u00e0 7 kilom\u00e8tres de la c\u00e9l\u00e8bre plage de la grande bleue, [&hellip;]<\/p>\n","protected":false},"author":1,"featured_media":0,"parent":0,"menu_order":0,"comment_status":"closed","ping_status":"closed","template":"templates\/template-fullwidth-boxed.php","meta":{"inline_featured_image":false,"_exactmetrics_skip_tracking":false,"_exactmetrics_sitenote_active":false,"_exactmetrics_sitenote_note":"","_exactmetrics_sitenote_category":0,"_joinchat":[],"footnotes":""},"class_list":["post-2592","page","type-page","status-publish","hentry"],"yoast_head":"<!-- This site is optimized with the Yoast SEO plugin v27.5 - https:\/\/yoast.com\/product\/yoast-seo-wordpress\/ -->\n<title>Localisation - Diasino Studios &amp; Houses<\/title>\n<meta name=\"robots\" content=\"index, follow, max-snippet:-1, max-image-preview:large, max-video-preview:-1\" \/>\n<link rel=\"canonical\" href=\"https:\/\/www.diasino-amorgos.gr\/fr\/localisation\/\" \/>\n<meta property=\"og:locale\" content=\"fr_FR\" \/>\n<meta property=\"og:type\" content=\"article\" \/>\n<meta property=\"og:title\" content=\"Localisation - Diasino Studios &amp; Houses\" \/>\n<meta property=\"og:description\" content=\"Diasino Studios est situ\u00e9 \u00e0 5 minutes \u00e0 pied du centre de Katapolos, \u00e0 5 kilom\u00e8tres de la capitale, \u00e0 6 kilom\u00e8tres du monast\u00e8re, \u00e0 7 kilom\u00e8tres de la c\u00e9l\u00e8bre plage de la grande bleue, [&hellip;]\" \/>\n<meta property=\"og:url\" content=\"https:\/\/www.diasino-amorgos.gr\/fr\/localisation\/\" \/>\n<meta property=\"og:site_name\" content=\"Diasino Studios &amp; Houses\" \/>\n<meta property=\"article:modified_time\" content=\"2024-12-01T18:38:07+00:00\" \/>\n<meta property=\"og:image\" content=\"http:\/\/www.diasino-amorgos.gr\/wp-content\/uploads\/2024\/10\/logo-small-e1.png\" \/>\n<meta name=\"twitter:card\" content=\"summary_large_image\" \/>\n<meta name=\"twitter:label1\" content=\"Dur\u00e9e de lecture estim\u00e9e\" \/>\n\t<meta name=\"twitter:data1\" content=\"1 minute\" \/>\n<script type=\"application\/ld+json\" class=\"yoast-schema-graph\">{\"@context\":\"https:\\\/\\\/schema.org\",\"@graph\":[{\"@type\":\"WebPage\",\"@id\":\"https:\\\/\\\/www.diasino-amorgos.gr\\\/fr\\\/localisation\\\/\",\"url\":\"https:\\\/\\\/www.diasino-amorgos.gr\\\/fr\\\/localisation\\\/\",\"name\":\"Localisation - Diasino Studios &amp; Houses\",\"isPartOf\":{\"@id\":\"https:\\\/\\\/www.diasino-amorgos.gr\\\/fr\\\/#website\"},\"primaryImageOfPage\":{\"@id\":\"https:\\\/\\\/www.diasino-amorgos.gr\\\/fr\\\/localisation\\\/#primaryimage\"},\"image\":{\"@id\":\"https:\\\/\\\/www.diasino-amorgos.gr\\\/fr\\\/localisation\\\/#primaryimage\"},\"thumbnailUrl\":\"http:\\\/\\\/www.diasino-amorgos.gr\\\/wp-content\\\/uploads\\\/2024\\\/10\\\/logo-small-e1.png\",\"datePublished\":\"2022-02-01T12:42:19+00:00\",\"dateModified\":\"2024-12-01T18:38:07+00:00\",\"breadcrumb\":{\"@id\":\"https:\\\/\\\/www.diasino-amorgos.gr\\\/fr\\\/localisation\\\/#breadcrumb\"},\"inLanguage\":\"fr-FR\",\"potentialAction\":[{\"@type\":\"ReadAction\",\"target\":[\"https:\\\/\\\/www.diasino-amorgos.gr\\\/fr\\\/localisation\\\/\"]}]},{\"@type\":\"ImageObject\",\"inLanguage\":\"fr-FR\",\"@id\":\"https:\\\/\\\/www.diasino-amorgos.gr\\\/fr\\\/localisation\\\/#primaryimage\",\"url\":\"http:\\\/\\\/www.diasino-amorgos.gr\\\/wp-content\\\/uploads\\\/2024\\\/10\\\/logo-small-e1.png\",\"contentUrl\":\"http:\\\/\\\/www.diasino-amorgos.gr\\\/wp-content\\\/uploads\\\/2024\\\/10\\\/logo-small-e1.png\"},{\"@type\":\"BreadcrumbList\",\"@id\":\"https:\\\/\\\/www.diasino-amorgos.gr\\\/fr\\\/localisation\\\/#breadcrumb\",\"itemListElement\":[{\"@type\":\"ListItem\",\"position\":1,\"name\":\"Home\",\"item\":\"https:\\\/\\\/www.diasino-amorgos.gr\\\/fr\\\/\"},{\"@type\":\"ListItem\",\"position\":2,\"name\":\"Localisation\"}]},{\"@type\":\"WebSite\",\"@id\":\"https:\\\/\\\/www.diasino-amorgos.gr\\\/fr\\\/#website\",\"url\":\"https:\\\/\\\/www.diasino-amorgos.gr\\\/fr\\\/\",\"name\":\"Diasino Studios &amp; Houses\",\"description\":\"In Amorgos\",\"publisher\":{\"@id\":\"https:\\\/\\\/www.diasino-amorgos.gr\\\/fr\\\/#organization\"},\"potentialAction\":[{\"@type\":\"SearchAction\",\"target\":{\"@type\":\"EntryPoint\",\"urlTemplate\":\"https:\\\/\\\/www.diasino-amorgos.gr\\\/fr\\\/?s={search_term_string}\"},\"query-input\":{\"@type\":\"PropertyValueSpecification\",\"valueRequired\":true,\"valueName\":\"search_term_string\"}}],\"inLanguage\":\"fr-FR\"},{\"@type\":\"Organization\",\"@id\":\"https:\\\/\\\/www.diasino-amorgos.gr\\\/fr\\\/#organization\",\"name\":\"Diasino Studios &amp; Houses\",\"url\":\"https:\\\/\\\/www.diasino-amorgos.gr\\\/fr\\\/\",\"logo\":{\"@type\":\"ImageObject\",\"inLanguage\":\"fr-FR\",\"@id\":\"https:\\\/\\\/www.diasino-amorgos.gr\\\/fr\\\/#\\\/schema\\\/logo\\\/image\\\/\",\"url\":\"https:\\\/\\\/www.diasino-amorgos.gr\\\/wp-content\\\/uploads\\\/2024\\\/11\\\/cropped-logo-test1.png\",\"contentUrl\":\"https:\\\/\\\/www.diasino-amorgos.gr\\\/wp-content\\\/uploads\\\/2024\\\/11\\\/cropped-logo-test1.png\",\"width\":498,\"height\":221,\"caption\":\"Diasino Studios &amp; Houses\"},\"image\":{\"@id\":\"https:\\\/\\\/www.diasino-amorgos.gr\\\/fr\\\/#\\\/schema\\\/logo\\\/image\\\/\"}}]}<\/script>\n<!-- \/ Yoast SEO plugin. -->","yoast_head_json":{"title":"Localisation - Diasino Studios &amp; Houses","robots":{"index":"index","follow":"follow","max-snippet":"max-snippet:-1","max-image-preview":"max-image-preview:large","max-video-preview":"max-video-preview:-1"},"canonical":"https:\/\/www.diasino-amorgos.gr\/fr\/localisation\/","og_locale":"fr_FR","og_type":"article","og_title":"Localisation - Diasino Studios &amp; Houses","og_description":"Diasino Studios est situ\u00e9 \u00e0 5 minutes \u00e0 pied du centre de Katapolos, \u00e0 5 kilom\u00e8tres de la capitale, \u00e0 6 kilom\u00e8tres du monast\u00e8re, \u00e0 7 kilom\u00e8tres de la c\u00e9l\u00e8bre plage de la grande bleue, [&hellip;]","og_url":"https:\/\/www.diasino-amorgos.gr\/fr\/localisation\/","og_site_name":"Diasino Studios &amp; Houses","article_modified_time":"2024-12-01T18:38:07+00:00","og_image":[{"url":"http:\/\/www.diasino-amorgos.gr\/wp-content\/uploads\/2024\/10\/logo-small-e1.png","type":"","width":"","height":""}],"twitter_card":"summary_large_image","twitter_misc":{"Dur\u00e9e de lecture estim\u00e9e":"1 minute"},"schema":{"@context":"https:\/\/schema.org","@graph":[{"@type":"WebPage","@id":"https:\/\/www.diasino-amorgos.gr\/fr\/localisation\/","url":"https:\/\/www.diasino-amorgos.gr\/fr\/localisation\/","name":"Localisation - Diasino Studios &amp; Houses","isPartOf":{"@id":"https:\/\/www.diasino-amorgos.gr\/fr\/#website"},"primaryImageOfPage":{"@id":"https:\/\/www.diasino-amorgos.gr\/fr\/localisation\/#primaryimage"},"image":{"@id":"https:\/\/www.diasino-amorgos.gr\/fr\/localisation\/#primaryimage"},"thumbnailUrl":"http:\/\/www.diasino-amorgos.gr\/wp-content\/uploads\/2024\/10\/logo-small-e1.png","datePublished":"2022-02-01T12:42:19+00:00","dateModified":"2024-12-01T18:38:07+00:00","breadcrumb":{"@id":"https:\/\/www.diasino-amorgos.gr\/fr\/localisation\/#breadcrumb"},"inLanguage":"fr-FR","potentialAction":[{"@type":"ReadAction","target":["https:\/\/www.diasino-amorgos.gr\/fr\/localisation\/"]}]},{"@type":"ImageObject","inLanguage":"fr-FR","@id":"https:\/\/www.diasino-amorgos.gr\/fr\/localisation\/#primaryimage","url":"http:\/\/www.diasino-amorgos.gr\/wp-content\/uploads\/2024\/10\/logo-small-e1.png","contentUrl":"http:\/\/www.diasino-amorgos.gr\/wp-content\/uploads\/2024\/10\/logo-small-e1.png"},{"@type":"BreadcrumbList","@id":"https:\/\/www.diasino-amorgos.gr\/fr\/localisation\/#breadcrumb","itemListElement":[{"@type":"ListItem","position":1,"name":"Home","item":"https:\/\/www.diasino-amorgos.gr\/fr\/"},{"@type":"ListItem","position":2,"name":"Localisation"}]},{"@type":"WebSite","@id":"https:\/\/www.diasino-amorgos.gr\/fr\/#website","url":"https:\/\/www.diasino-amorgos.gr\/fr\/","name":"Diasino Studios &amp; Houses","description":"In Amorgos","publisher":{"@id":"https:\/\/www.diasino-amorgos.gr\/fr\/#organization"},"potentialAction":[{"@type":"SearchAction","target":{"@type":"EntryPoint","urlTemplate":"https:\/\/www.diasino-amorgos.gr\/fr\/?s={search_term_string}"},"query-input":{"@type":"PropertyValueSpecification","valueRequired":true,"valueName":"search_term_string"}}],"inLanguage":"fr-FR"},{"@type":"Organization","@id":"https:\/\/www.diasino-amorgos.gr\/fr\/#organization","name":"Diasino Studios &amp; Houses","url":"https:\/\/www.diasino-amorgos.gr\/fr\/","logo":{"@type":"ImageObject","inLanguage":"fr-FR","@id":"https:\/\/www.diasino-amorgos.gr\/fr\/#\/schema\/logo\/image\/","url":"https:\/\/www.diasino-amorgos.gr\/wp-content\/uploads\/2024\/11\/cropped-logo-test1.png","contentUrl":"https:\/\/www.diasino-amorgos.gr\/wp-content\/uploads\/2024\/11\/cropped-logo-test1.png","width":498,"height":221,"caption":"Diasino Studios &amp; Houses"},"image":{"@id":"https:\/\/www.diasino-amorgos.gr\/fr\/#\/schema\/logo\/image\/"}}]}},"_links":{"self":[{"href":"https:\/\/www.diasino-amorgos.gr\/fr\/wp-json\/wp\/v2\/pages\/2592","targetHints":{"allow":["GET"]}}],"collection":[{"href":"https:\/\/www.diasino-amorgos.gr\/fr\/wp-json\/wp\/v2\/pages"}],"about":[{"href":"https:\/\/www.diasino-amorgos.gr\/fr\/wp-json\/wp\/v2\/types\/page"}],"author":[{"embeddable":true,"href":"https:\/\/www.diasino-amorgos.gr\/fr\/wp-json\/wp\/v2\/users\/1"}],"replies":[{"embeddable":true,"href":"https:\/\/www.diasino-amorgos.gr\/fr\/wp-json\/wp\/v2\/comments?post=2592"}],"version-history":[{"count":1,"href":"https:\/\/www.diasino-amorgos.gr\/fr\/wp-json\/wp\/v2\/pages\/2592\/revisions"}],"predecessor-version":[{"id":2593,"href":"https:\/\/www.diasino-amorgos.gr\/fr\/wp-json\/wp\/v2\/pages\/2592\/revisions\/2593"}],"wp:attachment":[{"href":"https:\/\/www.diasino-amorgos.gr\/fr\/wp-json\/wp\/v2\/media?parent=2592"}],"curies":[{"name":"wp","href":"https:\/\/api.w.org\/{rel}","templated":true}]}}