{"id":2576,"date":"2022-01-28T10:25:21","date_gmt":"2022-01-28T10:25:21","guid":{"rendered":"https:\/\/www.diasino-amorgos.gr\/contactez-nous\/"},"modified":"2024-12-01T18:37:57","modified_gmt":"2024-12-01T18:37:57","slug":"contactez-nous","status":"publish","type":"page","link":"https:\/\/www.diasino-amorgos.gr\/fr\/contactez-nous\/","title":{"rendered":"Contactez nous"},"content":{"rendered":"\n<p class=\"has-text-align-center\">Voici nos coordonn\u00e9es :<\/p>\n\n<p class=\"has-text-align-center\">DIASINO STUDIOS &#8211; MAISONS ET LOCATION DE VOITURES<\/p>\n\n<p class=\"has-text-align-center\">Katapola &amp; Vroutsi<br\/>Amorgos, Cyclades<br\/>84008, Gr\u00e8ce<br\/> +30<a href=\"tel:+306978673975\"> 6978673975<\/a><\/p>\n\n<p class=\"has-text-align-center\">Vous pouvez \u00e9galement remplir le formulaire ci-dessous et l&#8217;un des membres de notre \u00e9quipe r\u00e9pondra \u00e0 votre demande dans les plus brefs d\u00e9lais.<\/p>\n\n<p class=\"has-text-align-center\">Nous sommes \u00e0 votre disposition pour toute information compl\u00e9mentaire ou assistance dont vous pourriez avoir besoin !<\/p>\n\n<div id=\"block-a31f35-851f-4b\" class=\"wp-block-gutenbee-container block-a31f35-851f-4b\"><div class=\"wp-block-gutenbee-container-inner\"><div class=\"wp-block-gutenbee-container-row wp-block-gutenbee-container-lg\">\n<div class=\"wp-block-gutenbee-column block-3157c7-4508-45\"><style>@media (max-width: 991px) {\n        .wp-block-gutenbee-column.block-3157c7-4508-45 { flex-basis: 100%; }\n      }\n    \n\n      @media (max-width: 575px) {\n        .wp-block-gutenbee-column.block-3157c7-4508-45 { flex-basis: 100%; }\n      }<\/style><div class=\"wp-block-gutenbee-column-content\">\n<div class=\"wp-block-contact-form-7-contact-form-selector\">\n<div class=\"wpcf7 no-js\" id=\"wpcf7-f2666-o1\" lang=\"fr-FR\" dir=\"ltr\" data-wpcf7-id=\"2666\">\n<div class=\"screen-reader-response\"><p role=\"status\" aria-live=\"polite\" aria-atomic=\"true\"><\/p> <ul><\/ul><\/div>\n<form action=\"\/fr\/wp-json\/wp\/v2\/pages\/2576#wpcf7-f2666-o1\" method=\"post\" class=\"wpcf7-form init\" aria-label=\"Formulaire de contact\" novalidate=\"novalidate\" data-status=\"init\">\n<fieldset class=\"hidden-fields-container\"><input type=\"hidden\" name=\"_wpcf7\" value=\"2666\" \/><input type=\"hidden\" name=\"_wpcf7_version\" value=\"6.1.5\" \/><input type=\"hidden\" name=\"_wpcf7_locale\" value=\"fr_FR\" \/><input type=\"hidden\" name=\"_wpcf7_unit_tag\" value=\"wpcf7-f2666-o1\" \/><input type=\"hidden\" name=\"_wpcf7_container_post\" value=\"0\" \/><input type=\"hidden\" name=\"_wpcf7_posted_data_hash\" value=\"\" \/>\n<\/fieldset>\n<div class=\"row\">\n\t<div class=\"col-12\">\n\t\t<div class=\"row\">\n\t\t\t<div class=\"col-md-3 col-12\">\n\t\t\t\t<div class=\"input-group\">\n\t\t\t\t\t<p><label for=\"arrival-date\">Date d'arriv\u00e9e<\/label><span class=\"wpcf7-form-control-wrap\" data-name=\"arrive\"><input class=\"wpcf7-form-control wpcf7-date wpcf7-validates-as-date\" id=\"arrival-date\" aria-invalid=\"false\" value=\"\" type=\"date\" name=\"arrive\" \/><\/span>\n\t\t\t\t\t<\/p>\n\t\t\t\t<\/div>\n\t\t\t<\/div>\n\t\t\t<div class=\"col-md-3 col-12\">\n\t\t\t\t<div class=\"input-group\">\n\t\t\t\t\t<p><label for=\"departure-date\">Date de d\u00e9part<\/label><span class=\"wpcf7-form-control-wrap\" data-name=\"depart\"><input class=\"wpcf7-form-control wpcf7-date wpcf7-validates-as-date\" id=\"departure-date\" aria-invalid=\"false\" value=\"\" type=\"date\" name=\"depart\" \/><\/span>\n\t\t\t\t\t<\/p>\n\t\t\t\t<\/div>\n\t\t\t<\/div>\n\t\t\t<div class=\"col-md-3 col-12\">\n\t\t\t\t<div class=\"input-group\">\n\t\t\t\t\t<p><label for=\"persons\">Nombre de personnes<\/label><span class=\"wpcf7-form-control-wrap\" data-name=\"persons\"><select class=\"wpcf7-form-control wpcf7-select\" aria-invalid=\"false\" name=\"persons\"><option value=\"1\">1<\/option><option value=\"2\">2<\/option><option value=\"3\">3<\/option><option value=\"4\">4<\/option><option value=\"5\">5<\/option><option value=\"6\">6<\/option><\/select><\/span>\n\t\t\t\t\t<\/p>\n\t\t\t\t<\/div>\n\t\t\t<\/div>\n\t\t\t<div class=\"col-md-3 col-12\">\n\t\t\t\t<div class=\"input-group\">\n\t\t\t\t\t<p><label for=\"inquiry type\">Type de demande<\/label><span class=\"wpcf7-form-control-wrap\" data-name=\"accommodation\"><select class=\"wpcf7-form-control wpcf7-select\" aria-invalid=\"false\" name=\"accommodation\"><option value=\"R\u00e9servations\">R\u00e9servations<\/option><option value=\"Ev\u00e9nements sp\u00e9ciaux\">Ev\u00e9nements sp\u00e9ciaux<\/option><option value=\"Demande de renseignements g\u00e9n\u00e9raux\">Demande de renseignements g\u00e9n\u00e9raux<\/option><\/select><\/span>\n\t\t\t\t\t<\/p>\n\t\t\t\t<\/div>\n\t\t\t<\/div>\n\t\t\t<div class=\"col-md-6 col-12\">\n\t\t\t\t<div class=\"input-group\">\n\t\t\t\t\t<p><label for=\"email\">Votre adresse \u00e9lectronique (obligatoire)<\/label><span class=\"wpcf7-form-control-wrap\" data-name=\"your-email\"><input size=\"40\" maxlength=\"400\" class=\"wpcf7-form-control wpcf7-email wpcf7-validates-as-required wpcf7-text wpcf7-validates-as-email\" id=\"email\" aria-required=\"true\" aria-invalid=\"false\" value=\"\" type=\"email\" name=\"your-email\" \/><\/span>\n\t\t\t\t\t<\/p>\n\t\t\t\t<\/div>\n\t\t\t<\/div>\n\t\t\t<div class=\"col-md-6 col-12\">\n\t\t\t\t<div class=\"input-group\">\n\t\t\t\t\t<p><label for=\"name\">Votre nom<\/label><span class=\"wpcf7-form-control-wrap\" data-name=\"text-179\"><input size=\"40\" maxlength=\"400\" class=\"wpcf7-form-control wpcf7-text\" id=\"name\" aria-invalid=\"false\" value=\"\" type=\"text\" name=\"text-179\" \/><\/span>\n\t\t\t\t\t<\/p>\n\t\t\t\t<\/div>\n\t\t\t<\/div>\n\t\t\t<div class=\"col-12\">\n\t\t\t\t<div class=\"input-group\">\n\t\t\t\t\t<p><label for=\"requests\">Demandes sp\u00e9ciales<\/label><span class=\"wpcf7-form-control-wrap\" data-name=\"textarea-945\"><textarea cols=\"40\" rows=\"10\" maxlength=\"2000\" class=\"wpcf7-form-control wpcf7-textarea\" id=\"requests\" aria-invalid=\"false\" name=\"textarea-945\"><\/textarea><\/span>\n\t\t\t\t\t<\/p>\n\t\t\t\t<\/div>\n\t\t\t<\/div>\n\t\t\t<div class=\"col-12\">\n\t\t\t\t<div class=\"text-center\">\n\t\t\t\t\t<p><input class=\"wpcf7-form-control wpcf7-submit has-spinner\" type=\"submit\" value=\"Demande de r\u00e9servation\" \/>\n\t\t\t\t\t<\/p>\n\t\t\t\t<\/div>\n\t\t\t<\/div>\n\t\t<\/div>\n\t<\/div>\n<\/div><p style=\"display: none !important;\" class=\"akismet-fields-container\" data-prefix=\"_wpcf7_ak_\"><label>&#916;<textarea name=\"_wpcf7_ak_hp_textarea\" cols=\"45\" rows=\"8\" maxlength=\"100\"><\/textarea><\/label><input type=\"hidden\" id=\"ak_js_1\" name=\"_wpcf7_ak_js\" value=\"193\"\/><script>\ndocument.getElementById( \"ak_js_1\" ).setAttribute( \"value\", ( new Date() ).getTime() );\n<\/script>\n<\/p><div class=\"wpcf7-response-output\" aria-hidden=\"true\"><\/div>\n<\/form>\n<\/div>\n<\/div>\n<\/div><\/div>\n<\/div><\/div><div class=\"wp-block-gutenbee-container-background\" data-parallax-speed=\"0.3\"><\/div><\/div>\n","protected":false},"excerpt":{"rendered":"<p>Voici nos coordonn\u00e9es : DIASINO STUDIOS &#8211; MAISONS ET LOCATION DE VOITURES Katapola &amp; VroutsiAmorgos, Cyclades84008, Gr\u00e8ce +30 6978673975 Vous pouvez \u00e9galement remplir le formulaire ci-dessous et l&#8217;un des membres de notre \u00e9quipe r\u00e9pondra \u00e0 [&hellip;]<\/p>\n","protected":false},"author":1,"featured_media":0,"parent":0,"menu_order":0,"comment_status":"closed","ping_status":"closed","template":"","meta":{"inline_featured_image":false,"_exactmetrics_skip_tracking":false,"_exactmetrics_sitenote_active":false,"_exactmetrics_sitenote_note":"","_exactmetrics_sitenote_category":0,"_joinchat":[],"footnotes":""},"class_list":["post-2576","page","type-page","status-publish","hentry"],"yoast_head":"<!-- This site is optimized with the Yoast SEO plugin v27.5 - https:\/\/yoast.com\/product\/yoast-seo-wordpress\/ -->\n<title>Contactez nous - Diasino Studios &amp; Houses<\/title>\n<meta name=\"robots\" content=\"index, follow, max-snippet:-1, max-image-preview:large, max-video-preview:-1\" \/>\n<link rel=\"canonical\" href=\"https:\/\/www.diasino-amorgos.gr\/fr\/contactez-nous\/\" \/>\n<meta property=\"og:locale\" content=\"fr_FR\" \/>\n<meta property=\"og:type\" content=\"article\" \/>\n<meta property=\"og:title\" content=\"Contactez nous - Diasino Studios &amp; Houses\" \/>\n<meta property=\"og:description\" content=\"Voici nos coordonn\u00e9es : DIASINO STUDIOS &#8211; MAISONS ET LOCATION DE VOITURES Katapola &amp; VroutsiAmorgos, Cyclades84008, Gr\u00e8ce +30 6978673975 Vous pouvez \u00e9galement remplir le formulaire ci-dessous et l&#8217;un des membres de notre \u00e9quipe r\u00e9pondra \u00e0 [&hellip;]\" \/>\n<meta property=\"og:url\" content=\"https:\/\/www.diasino-amorgos.gr\/fr\/contactez-nous\/\" \/>\n<meta property=\"og:site_name\" content=\"Diasino Studios &amp; Houses\" \/>\n<meta property=\"article:modified_time\" content=\"2024-12-01T18:37:57+00:00\" \/>\n<meta name=\"twitter:card\" content=\"summary_large_image\" \/>\n<script type=\"application\/ld+json\" class=\"yoast-schema-graph\">{\"@context\":\"https:\\\/\\\/schema.org\",\"@graph\":[{\"@type\":\"WebPage\",\"@id\":\"https:\\\/\\\/www.diasino-amorgos.gr\\\/fr\\\/contactez-nous\\\/\",\"url\":\"https:\\\/\\\/www.diasino-amorgos.gr\\\/fr\\\/contactez-nous\\\/\",\"name\":\"Contactez nous - Diasino Studios &amp; Houses\",\"isPartOf\":{\"@id\":\"https:\\\/\\\/www.diasino-amorgos.gr\\\/fr\\\/#website\"},\"datePublished\":\"2022-01-28T10:25:21+00:00\",\"dateModified\":\"2024-12-01T18:37:57+00:00\",\"breadcrumb\":{\"@id\":\"https:\\\/\\\/www.diasino-amorgos.gr\\\/fr\\\/contactez-nous\\\/#breadcrumb\"},\"inLanguage\":\"fr-FR\",\"potentialAction\":[{\"@type\":\"ReadAction\",\"target\":[\"https:\\\/\\\/www.diasino-amorgos.gr\\\/fr\\\/contactez-nous\\\/\"]}]},{\"@type\":\"BreadcrumbList\",\"@id\":\"https:\\\/\\\/www.diasino-amorgos.gr\\\/fr\\\/contactez-nous\\\/#breadcrumb\",\"itemListElement\":[{\"@type\":\"ListItem\",\"position\":1,\"name\":\"Home\",\"item\":\"https:\\\/\\\/www.diasino-amorgos.gr\\\/fr\\\/\"},{\"@type\":\"ListItem\",\"position\":2,\"name\":\"Contactez nous\"}]},{\"@type\":\"WebSite\",\"@id\":\"https:\\\/\\\/www.diasino-amorgos.gr\\\/fr\\\/#website\",\"url\":\"https:\\\/\\\/www.diasino-amorgos.gr\\\/fr\\\/\",\"name\":\"Diasino Studios &amp; Houses\",\"description\":\"In Amorgos\",\"publisher\":{\"@id\":\"https:\\\/\\\/www.diasino-amorgos.gr\\\/fr\\\/#organization\"},\"potentialAction\":[{\"@type\":\"SearchAction\",\"target\":{\"@type\":\"EntryPoint\",\"urlTemplate\":\"https:\\\/\\\/www.diasino-amorgos.gr\\\/fr\\\/?s={search_term_string}\"},\"query-input\":{\"@type\":\"PropertyValueSpecification\",\"valueRequired\":true,\"valueName\":\"search_term_string\"}}],\"inLanguage\":\"fr-FR\"},{\"@type\":\"Organization\",\"@id\":\"https:\\\/\\\/www.diasino-amorgos.gr\\\/fr\\\/#organization\",\"name\":\"Diasino Studios &amp; Houses\",\"url\":\"https:\\\/\\\/www.diasino-amorgos.gr\\\/fr\\\/\",\"logo\":{\"@type\":\"ImageObject\",\"inLanguage\":\"fr-FR\",\"@id\":\"https:\\\/\\\/www.diasino-amorgos.gr\\\/fr\\\/#\\\/schema\\\/logo\\\/image\\\/\",\"url\":\"https:\\\/\\\/www.diasino-amorgos.gr\\\/wp-content\\\/uploads\\\/2024\\\/11\\\/cropped-logo-test1.png\",\"contentUrl\":\"https:\\\/\\\/www.diasino-amorgos.gr\\\/wp-content\\\/uploads\\\/2024\\\/11\\\/cropped-logo-test1.png\",\"width\":498,\"height\":221,\"caption\":\"Diasino Studios &amp; Houses\"},\"image\":{\"@id\":\"https:\\\/\\\/www.diasino-amorgos.gr\\\/fr\\\/#\\\/schema\\\/logo\\\/image\\\/\"}}]}<\/script>\n<!-- \/ Yoast SEO plugin. -->","yoast_head_json":{"title":"Contactez nous - Diasino Studios &amp; Houses","robots":{"index":"index","follow":"follow","max-snippet":"max-snippet:-1","max-image-preview":"max-image-preview:large","max-video-preview":"max-video-preview:-1"},"canonical":"https:\/\/www.diasino-amorgos.gr\/fr\/contactez-nous\/","og_locale":"fr_FR","og_type":"article","og_title":"Contactez nous - Diasino Studios &amp; Houses","og_description":"Voici nos coordonn\u00e9es : DIASINO STUDIOS &#8211; MAISONS ET LOCATION DE VOITURES Katapola &amp; VroutsiAmorgos, Cyclades84008, Gr\u00e8ce +30 6978673975 Vous pouvez \u00e9galement remplir le formulaire ci-dessous et l&#8217;un des membres de notre \u00e9quipe r\u00e9pondra \u00e0 [&hellip;]","og_url":"https:\/\/www.diasino-amorgos.gr\/fr\/contactez-nous\/","og_site_name":"Diasino Studios &amp; Houses","article_modified_time":"2024-12-01T18:37:57+00:00","twitter_card":"summary_large_image","schema":{"@context":"https:\/\/schema.org","@graph":[{"@type":"WebPage","@id":"https:\/\/www.diasino-amorgos.gr\/fr\/contactez-nous\/","url":"https:\/\/www.diasino-amorgos.gr\/fr\/contactez-nous\/","name":"Contactez nous - Diasino Studios &amp; Houses","isPartOf":{"@id":"https:\/\/www.diasino-amorgos.gr\/fr\/#website"},"datePublished":"2022-01-28T10:25:21+00:00","dateModified":"2024-12-01T18:37:57+00:00","breadcrumb":{"@id":"https:\/\/www.diasino-amorgos.gr\/fr\/contactez-nous\/#breadcrumb"},"inLanguage":"fr-FR","potentialAction":[{"@type":"ReadAction","target":["https:\/\/www.diasino-amorgos.gr\/fr\/contactez-nous\/"]}]},{"@type":"BreadcrumbList","@id":"https:\/\/www.diasino-amorgos.gr\/fr\/contactez-nous\/#breadcrumb","itemListElement":[{"@type":"ListItem","position":1,"name":"Home","item":"https:\/\/www.diasino-amorgos.gr\/fr\/"},{"@type":"ListItem","position":2,"name":"Contactez nous"}]},{"@type":"WebSite","@id":"https:\/\/www.diasino-amorgos.gr\/fr\/#website","url":"https:\/\/www.diasino-amorgos.gr\/fr\/","name":"Diasino Studios &amp; Houses","description":"In Amorgos","publisher":{"@id":"https:\/\/www.diasino-amorgos.gr\/fr\/#organization"},"potentialAction":[{"@type":"SearchAction","target":{"@type":"EntryPoint","urlTemplate":"https:\/\/www.diasino-amorgos.gr\/fr\/?s={search_term_string}"},"query-input":{"@type":"PropertyValueSpecification","valueRequired":true,"valueName":"search_term_string"}}],"inLanguage":"fr-FR"},{"@type":"Organization","@id":"https:\/\/www.diasino-amorgos.gr\/fr\/#organization","name":"Diasino Studios &amp; Houses","url":"https:\/\/www.diasino-amorgos.gr\/fr\/","logo":{"@type":"ImageObject","inLanguage":"fr-FR","@id":"https:\/\/www.diasino-amorgos.gr\/fr\/#\/schema\/logo\/image\/","url":"https:\/\/www.diasino-amorgos.gr\/wp-content\/uploads\/2024\/11\/cropped-logo-test1.png","contentUrl":"https:\/\/www.diasino-amorgos.gr\/wp-content\/uploads\/2024\/11\/cropped-logo-test1.png","width":498,"height":221,"caption":"Diasino Studios &amp; Houses"},"image":{"@id":"https:\/\/www.diasino-amorgos.gr\/fr\/#\/schema\/logo\/image\/"}}]}},"_links":{"self":[{"href":"https:\/\/www.diasino-amorgos.gr\/fr\/wp-json\/wp\/v2\/pages\/2576","targetHints":{"allow":["GET"]}}],"collection":[{"href":"https:\/\/www.diasino-amorgos.gr\/fr\/wp-json\/wp\/v2\/pages"}],"about":[{"href":"https:\/\/www.diasino-amorgos.gr\/fr\/wp-json\/wp\/v2\/types\/page"}],"author":[{"embeddable":true,"href":"https:\/\/www.diasino-amorgos.gr\/fr\/wp-json\/wp\/v2\/users\/1"}],"replies":[{"embeddable":true,"href":"https:\/\/www.diasino-amorgos.gr\/fr\/wp-json\/wp\/v2\/comments?post=2576"}],"version-history":[{"count":1,"href":"https:\/\/www.diasino-amorgos.gr\/fr\/wp-json\/wp\/v2\/pages\/2576\/revisions"}],"predecessor-version":[{"id":2577,"href":"https:\/\/www.diasino-amorgos.gr\/fr\/wp-json\/wp\/v2\/pages\/2576\/revisions\/2577"}],"wp:attachment":[{"href":"https:\/\/www.diasino-amorgos.gr\/fr\/wp-json\/wp\/v2\/media?parent=2576"}],"curies":[{"name":"wp","href":"https:\/\/api.w.org\/{rel}","templated":true}]}}